{"id":237782,"date":"2024-04-02T17:03:51","date_gmt":"2024-04-02T22:03:51","guid":{"rendered":"https:\/\/www.almacenflotablanca.com\/web\/?post_type=product&#038;p=237782"},"modified":"2026-04-15T16:11:32","modified_gmt":"2026-04-15T21:11:32","slug":"inflador-minipump-cliff-elite-titanium","status":"publish","type":"product","link":"https:\/\/www.almacenflotablanca.com\/web\/producto\/inflador-minipump-cliff-elite-titanium\/","title":{"rendered":"INFLADOR MINIPUMP CLIFF ELITE TITANIUM"},"content":{"rendered":"<p><strong>Descripci\u00f3n:<\/strong> Cuenta con una estructura en aluminio, ligera y compacta, tiene un cilindro de aluminio y es compatible con v\u00e1lvulas Presta y Schrader, su cabezal est\u00e1 sujeto a una manguera extra\u00edble, cuenta con medidor de presi\u00f3n, cuenta con soporte para llevar en la bicicleta. <strong>120PSI<\/strong><\/p>\n","protected":false},"excerpt":{"rendered":"<p>Descripci\u00f3n: Cuenta con una estructura en aluminio, ligera y compacta, tiene un cilindro de aluminio y es compatible con v\u00e1lvulas Presta y Schrader, su cabezal est\u00e1 sujeto a una manguera extra\u00edble, cuenta con medidor de presi\u00f3n, cuenta con soporte para llevar en la bicicleta. 120PSI<\/p>\n","protected":false},"featured_media":237784,"template":"","meta":{"_et_pb_use_builder":"","_et_pb_old_content":"","_et_gb_content_width":""},"product_brand":[],"product_cat":[15,179,53,74],"product_tag":[],"class_list":{"0":"post-237782","1":"product","2":"type-product","3":"status-publish","4":"has-post-thumbnail","6":"product_cat-productos","7":"product_cat-accesorios","8":"product_cat-accesorios-deportivos","9":"product_cat-bicicletas","11":"first","12":"instock","13":"taxable","14":"shipping-taxable","15":"purchasable","16":"product-type-simple"},"_links":{"self":[{"href":"https:\/\/www.almacenflotablanca.com\/web\/wp-json\/wp\/v2\/product\/237782","targetHints":{"allow":["GET"]}}],"collection":[{"href":"https:\/\/www.almacenflotablanca.com\/web\/wp-json\/wp\/v2\/product"}],"about":[{"href":"https:\/\/www.almacenflotablanca.com\/web\/wp-json\/wp\/v2\/types\/product"}],"wp:featuredmedia":[{"embeddable":true,"href":"https:\/\/www.almacenflotablanca.com\/web\/wp-json\/wp\/v2\/media\/237784"}],"wp:attachment":[{"href":"https:\/\/www.almacenflotablanca.com\/web\/wp-json\/wp\/v2\/media?parent=237782"}],"wp:term":[{"taxonomy":"product_brand","embeddable":true,"href":"https:\/\/www.almacenflotablanca.com\/web\/wp-json\/wp\/v2\/product_brand?post=237782"},{"taxonomy":"product_cat","embeddable":true,"href":"https:\/\/www.almacenflotablanca.com\/web\/wp-json\/wp\/v2\/product_cat?post=237782"},{"taxonomy":"product_tag","embeddable":true,"href":"https:\/\/www.almacenflotablanca.com\/web\/wp-json\/wp\/v2\/product_tag?post=237782"}],"curies":[{"name":"wp","href":"https:\/\/api.w.org\/{rel}","templated":true}]}}