{"id":237803,"date":"2024-04-05T11:49:30","date_gmt":"2024-04-05T16:49:30","guid":{"rendered":"https:\/\/www.almacenflotablanca.com\/web\/?post_type=product&#038;p=237803"},"modified":"2026-04-15T16:11:52","modified_gmt":"2026-04-15T21:11:52","slug":"bomba-bike-parts-zf-037","status":"publish","type":"product","link":"https:\/\/www.almacenflotablanca.com\/web\/producto\/bomba-bike-parts-zf-037\/","title":{"rendered":"BOMBA BIKE PARTS ZF-037"},"content":{"rendered":"<p>Descripci\u00f3n: Bomba de pie, cilindro met\u00e1lico, su cabezal es compatible con v\u00e1lvulas Presta, Schrader y Dunlop, tiene reloj indicador de presi\u00f3n, presi\u00f3n m\u00e1xima 11BAR\/160PSI.<\/p>\n","protected":false},"excerpt":{"rendered":"<p>Descripci\u00f3n: Bomba de pie, cilindro met\u00e1lico, su cabezal es compatible con v\u00e1lvulas Presta, Schrader y Dunlop, tiene reloj indicador de presi\u00f3n, presi\u00f3n m\u00e1xima 11BAR\/160PSI.<\/p>\n","protected":false},"featured_media":237806,"template":"","meta":{"_et_pb_use_builder":"","_et_pb_old_content":"","_et_gb_content_width":""},"product_brand":[],"product_cat":[15,179,53,74,108],"product_tag":[],"class_list":{"0":"post-237803","1":"product","2":"type-product","3":"status-publish","4":"has-post-thumbnail","6":"product_cat-productos","7":"product_cat-accesorios","8":"product_cat-accesorios-deportivos","9":"product_cat-bicicletas","10":"product_cat-multifuncional","12":"first","13":"instock","14":"taxable","15":"shipping-taxable","16":"purchasable","17":"product-type-simple"},"_links":{"self":[{"href":"https:\/\/www.almacenflotablanca.com\/web\/wp-json\/wp\/v2\/product\/237803","targetHints":{"allow":["GET"]}}],"collection":[{"href":"https:\/\/www.almacenflotablanca.com\/web\/wp-json\/wp\/v2\/product"}],"about":[{"href":"https:\/\/www.almacenflotablanca.com\/web\/wp-json\/wp\/v2\/types\/product"}],"wp:featuredmedia":[{"embeddable":true,"href":"https:\/\/www.almacenflotablanca.com\/web\/wp-json\/wp\/v2\/media\/237806"}],"wp:attachment":[{"href":"https:\/\/www.almacenflotablanca.com\/web\/wp-json\/wp\/v2\/media?parent=237803"}],"wp:term":[{"taxonomy":"product_brand","embeddable":true,"href":"https:\/\/www.almacenflotablanca.com\/web\/wp-json\/wp\/v2\/product_brand?post=237803"},{"taxonomy":"product_cat","embeddable":true,"href":"https:\/\/www.almacenflotablanca.com\/web\/wp-json\/wp\/v2\/product_cat?post=237803"},{"taxonomy":"product_tag","embeddable":true,"href":"https:\/\/www.almacenflotablanca.com\/web\/wp-json\/wp\/v2\/product_tag?post=237803"}],"curies":[{"name":"wp","href":"https:\/\/api.w.org\/{rel}","templated":true}]}}