{"id":237826,"date":"2024-04-08T17:14:52","date_gmt":"2024-04-08T22:14:52","guid":{"rendered":"https:\/\/www.almacenflotablanca.com\/web\/?post_type=product&#038;p=237826"},"modified":"2026-04-15T16:12:11","modified_gmt":"2026-04-15T21:12:11","slug":"bomba-beto-cmp-004-200mm-plastica-negra","status":"publish","type":"product","link":"https:\/\/www.almacenflotablanca.com\/web\/producto\/bomba-beto-cmp-004-200mm-plastica-negra\/","title":{"rendered":"BOMBA BETO CMP-004 200MM PLASTICA NEGRA"},"content":{"rendered":"<p><strong>Descripci\u00f3<\/strong>n: Mini bomba de pl\u00e1stico con soporte de montaje. Adecuado para v\u00e1lvula americana y v\u00e1lvula francesa. Alta eficiencia, m\u00e1s aire por carrera. Mango en forma de T ergon\u00f3mico plegable para un mejor agarre. Cabeza giratoria ofrece una rotaci\u00f3n de 360 grados para cualquier \u00e1ngulo.<\/p>\n","protected":false},"excerpt":{"rendered":"<p>Descripci\u00f3n: Mini bomba de pl\u00e1stico con soporte de montaje. Adecuado para v\u00e1lvula americana y v\u00e1lvula francesa. Alta eficiencia, m\u00e1s aire por carrera. Mango en forma de T ergon\u00f3mico plegable para un mejor agarre. Cabeza giratoria ofrece una rotaci\u00f3n de 360 grados para cualquier \u00e1ngulo.<\/p>\n","protected":false},"featured_media":237830,"template":"","meta":{"_et_pb_use_builder":"","_et_pb_old_content":"","_et_gb_content_width":""},"product_brand":[],"product_cat":[15,179,53,74,54],"product_tag":[],"class_list":{"0":"post-237826","1":"product","2":"type-product","3":"status-publish","4":"has-post-thumbnail","6":"product_cat-productos","7":"product_cat-accesorios","8":"product_cat-accesorios-deportivos","9":"product_cat-bicicletas","10":"product_cat-deportes","12":"first","13":"instock","14":"taxable","15":"shipping-taxable","16":"purchasable","17":"product-type-simple"},"_links":{"self":[{"href":"https:\/\/www.almacenflotablanca.com\/web\/wp-json\/wp\/v2\/product\/237826","targetHints":{"allow":["GET"]}}],"collection":[{"href":"https:\/\/www.almacenflotablanca.com\/web\/wp-json\/wp\/v2\/product"}],"about":[{"href":"https:\/\/www.almacenflotablanca.com\/web\/wp-json\/wp\/v2\/types\/product"}],"wp:featuredmedia":[{"embeddable":true,"href":"https:\/\/www.almacenflotablanca.com\/web\/wp-json\/wp\/v2\/media\/237830"}],"wp:attachment":[{"href":"https:\/\/www.almacenflotablanca.com\/web\/wp-json\/wp\/v2\/media?parent=237826"}],"wp:term":[{"taxonomy":"product_brand","embeddable":true,"href":"https:\/\/www.almacenflotablanca.com\/web\/wp-json\/wp\/v2\/product_brand?post=237826"},{"taxonomy":"product_cat","embeddable":true,"href":"https:\/\/www.almacenflotablanca.com\/web\/wp-json\/wp\/v2\/product_cat?post=237826"},{"taxonomy":"product_tag","embeddable":true,"href":"https:\/\/www.almacenflotablanca.com\/web\/wp-json\/wp\/v2\/product_tag?post=237826"}],"curies":[{"name":"wp","href":"https:\/\/api.w.org\/{rel}","templated":true}]}}