{"id":237836,"date":"2024-04-09T17:55:52","date_gmt":"2024-04-09T22:55:52","guid":{"rendered":"https:\/\/www.almacenflotablanca.com\/web\/?post_type=product&#038;p=237836"},"modified":"2026-04-15T16:12:11","modified_gmt":"2026-04-15T21:12:11","slug":"bomba-beto-pie-acero-c-reloj630-amarillo","status":"publish","type":"product","link":"https:\/\/www.almacenflotablanca.com\/web\/producto\/bomba-beto-pie-acero-c-reloj630-amarillo\/","title":{"rendered":"BOMBA (BETO) PIE ACERO C\/RELOJ630 AMARILLO"},"content":{"rendered":"<p><strong>Descripci\u00f3n:<\/strong> Bomba de pie, est\u00e1 dise\u00f1ada para brindarte alta calidad, con man\u00f3metro elevado de gran tama\u00f1o para f\u00e1cil lectura de la presi\u00f3n. Su mango en T hace que su uso sea de f\u00e1cil, presi\u00f3n m\u00e1xima 11bar\/160PSI, manguera extralarga, cabezal doble, compatible tanto con v\u00e1lvula Schrader como Presta.<\/p>\n","protected":false},"excerpt":{"rendered":"<p>Descripci\u00f3n: Bomba de pie, est\u00e1 dise\u00f1ada para brindarte alta calidad, con man\u00f3metro elevado de gran tama\u00f1o para f\u00e1cil lectura de la presi\u00f3n. Su mango en T hace que su uso sea de f\u00e1cil, presi\u00f3n m\u00e1xima 11bar\/160PSI, manguera extralarga, cabezal doble, compatible tanto con v\u00e1lvula Schrader como Presta.<\/p>\n","protected":false},"featured_media":237837,"template":"","meta":{"_et_pb_use_builder":"","_et_pb_old_content":"","_et_gb_content_width":""},"product_brand":[],"product_cat":[15,179,53,74,108],"product_tag":[],"class_list":{"0":"post-237836","1":"product","2":"type-product","3":"status-publish","4":"has-post-thumbnail","6":"product_cat-productos","7":"product_cat-accesorios","8":"product_cat-accesorios-deportivos","9":"product_cat-bicicletas","10":"product_cat-multifuncional","12":"first","13":"instock","14":"taxable","15":"shipping-taxable","16":"purchasable","17":"product-type-simple"},"_links":{"self":[{"href":"https:\/\/www.almacenflotablanca.com\/web\/wp-json\/wp\/v2\/product\/237836","targetHints":{"allow":["GET"]}}],"collection":[{"href":"https:\/\/www.almacenflotablanca.com\/web\/wp-json\/wp\/v2\/product"}],"about":[{"href":"https:\/\/www.almacenflotablanca.com\/web\/wp-json\/wp\/v2\/types\/product"}],"wp:featuredmedia":[{"embeddable":true,"href":"https:\/\/www.almacenflotablanca.com\/web\/wp-json\/wp\/v2\/media\/237837"}],"wp:attachment":[{"href":"https:\/\/www.almacenflotablanca.com\/web\/wp-json\/wp\/v2\/media?parent=237836"}],"wp:term":[{"taxonomy":"product_brand","embeddable":true,"href":"https:\/\/www.almacenflotablanca.com\/web\/wp-json\/wp\/v2\/product_brand?post=237836"},{"taxonomy":"product_cat","embeddable":true,"href":"https:\/\/www.almacenflotablanca.com\/web\/wp-json\/wp\/v2\/product_cat?post=237836"},{"taxonomy":"product_tag","embeddable":true,"href":"https:\/\/www.almacenflotablanca.com\/web\/wp-json\/wp\/v2\/product_tag?post=237836"}],"curies":[{"name":"wp","href":"https:\/\/api.w.org\/{rel}","templated":true}]}}