{"id":237841,"date":"2024-04-10T13:09:01","date_gmt":"2024-04-10T18:09:01","guid":{"rendered":"https:\/\/www.almacenflotablanca.com\/web\/?post_type=product&#038;p=237841"},"modified":"2026-04-15T16:12:11","modified_gmt":"2026-04-15T21:12:11","slug":"bomba-beto-de-pie-en-acero-con-reloj-630mm-cmp151sg1-marca-beto","status":"publish","type":"product","link":"https:\/\/www.almacenflotablanca.com\/web\/producto\/bomba-beto-de-pie-en-acero-con-reloj-630mm-cmp151sg1-marca-beto\/","title":{"rendered":"BOMBA BETO DE PIE EN ACERO CON RELOJ 630MM CMP151SG1 Marca: BETO"},"content":{"rendered":"<p><strong>Descripci\u00f3n:<\/strong> Bomba de pie, est\u00e1 dise\u00f1ada para brindarte alta calidad, con man\u00f3metro de gran tama\u00f1o para f\u00e1cil lectura de la presi\u00f3n. Su mango en T hace que su uso sea de f\u00e1cil y c\u00f3modo, presi\u00f3n m\u00e1xima 11bar\/160PSI, manguera extralarga, cabezal sencillo compatible tanto con v\u00e1lvula Schrader, viene con adaptador para v\u00e1lvula Presta.<\/p>\n","protected":false},"excerpt":{"rendered":"<p>Descripci\u00f3n: Bomba de pie, est\u00e1 dise\u00f1ada para brindarte alta calidad, con man\u00f3metro de gran tama\u00f1o para f\u00e1cil lectura de la presi\u00f3n. Su mango en T hace que su uso sea de f\u00e1cil y c\u00f3modo, presi\u00f3n m\u00e1xima 11bar\/160PSI, manguera extralarga, cabezal sencillo compatible tanto con v\u00e1lvula Schrader, viene con adaptador para v\u00e1lvula Presta.<\/p>\n","protected":false},"featured_media":237842,"template":"","meta":{"_et_pb_use_builder":"","_et_pb_old_content":"","_et_gb_content_width":""},"product_brand":[],"product_cat":[15,179,53,74],"product_tag":[],"class_list":{"0":"post-237841","1":"product","2":"type-product","3":"status-publish","4":"has-post-thumbnail","6":"product_cat-productos","7":"product_cat-accesorios","8":"product_cat-accesorios-deportivos","9":"product_cat-bicicletas","11":"first","12":"outofstock","13":"taxable","14":"shipping-taxable","15":"purchasable","16":"product-type-simple"},"_links":{"self":[{"href":"https:\/\/www.almacenflotablanca.com\/web\/wp-json\/wp\/v2\/product\/237841","targetHints":{"allow":["GET"]}}],"collection":[{"href":"https:\/\/www.almacenflotablanca.com\/web\/wp-json\/wp\/v2\/product"}],"about":[{"href":"https:\/\/www.almacenflotablanca.com\/web\/wp-json\/wp\/v2\/types\/product"}],"wp:featuredmedia":[{"embeddable":true,"href":"https:\/\/www.almacenflotablanca.com\/web\/wp-json\/wp\/v2\/media\/237842"}],"wp:attachment":[{"href":"https:\/\/www.almacenflotablanca.com\/web\/wp-json\/wp\/v2\/media?parent=237841"}],"wp:term":[{"taxonomy":"product_brand","embeddable":true,"href":"https:\/\/www.almacenflotablanca.com\/web\/wp-json\/wp\/v2\/product_brand?post=237841"},{"taxonomy":"product_cat","embeddable":true,"href":"https:\/\/www.almacenflotablanca.com\/web\/wp-json\/wp\/v2\/product_cat?post=237841"},{"taxonomy":"product_tag","embeddable":true,"href":"https:\/\/www.almacenflotablanca.com\/web\/wp-json\/wp\/v2\/product_tag?post=237841"}],"curies":[{"name":"wp","href":"https:\/\/api.w.org\/{rel}","templated":true}]}}