{"id":237858,"date":"2024-04-12T17:40:04","date_gmt":"2024-04-12T22:40:04","guid":{"rendered":"https:\/\/www.almacenflotablanca.com\/web\/?post_type=product&#038;p=237858"},"modified":"2026-04-15T16:11:55","modified_gmt":"2026-04-15T21:11:55","slug":"soporte-caramanola-alum-gw-cl-037c","status":"publish","type":"product","link":"https:\/\/www.almacenflotablanca.com\/web\/producto\/soporte-caramanola-alum-gw-cl-037c\/","title":{"rendered":"SOPORTE CARAMA\u00d1OLA ALUM GW CL-037C"},"content":{"rendered":"<p>Descripci\u00f3n: Soporte para carama\u00f1ola en aluminio, de f\u00e1cil montaje, para marco est\u00e1ndar, tornillo Bristol #4 (incluidos).<\/p>\n","protected":false},"excerpt":{"rendered":"<p>Descripci\u00f3n: Soporte para carama\u00f1ola en aluminio, de f\u00e1cil montaje, para marco est\u00e1ndar, tornillo bristol #4 (incluidos).<\/p>\n","protected":false},"featured_media":237882,"template":"","meta":{"_et_pb_use_builder":"","_et_pb_old_content":"","_et_gb_content_width":""},"product_brand":[],"product_cat":[179,53,74,54,108],"product_tag":[],"class_list":{"0":"post-237858","1":"product","2":"type-product","3":"status-publish","4":"has-post-thumbnail","6":"product_cat-accesorios","7":"product_cat-accesorios-deportivos","8":"product_cat-bicicletas","9":"product_cat-deportes","10":"product_cat-multifuncional","12":"first","13":"instock","14":"taxable","15":"shipping-taxable","16":"purchasable","17":"product-type-simple"},"_links":{"self":[{"href":"https:\/\/www.almacenflotablanca.com\/web\/wp-json\/wp\/v2\/product\/237858","targetHints":{"allow":["GET"]}}],"collection":[{"href":"https:\/\/www.almacenflotablanca.com\/web\/wp-json\/wp\/v2\/product"}],"about":[{"href":"https:\/\/www.almacenflotablanca.com\/web\/wp-json\/wp\/v2\/types\/product"}],"wp:featuredmedia":[{"embeddable":true,"href":"https:\/\/www.almacenflotablanca.com\/web\/wp-json\/wp\/v2\/media\/237882"}],"wp:attachment":[{"href":"https:\/\/www.almacenflotablanca.com\/web\/wp-json\/wp\/v2\/media?parent=237858"}],"wp:term":[{"taxonomy":"product_brand","embeddable":true,"href":"https:\/\/www.almacenflotablanca.com\/web\/wp-json\/wp\/v2\/product_brand?post=237858"},{"taxonomy":"product_cat","embeddable":true,"href":"https:\/\/www.almacenflotablanca.com\/web\/wp-json\/wp\/v2\/product_cat?post=237858"},{"taxonomy":"product_tag","embeddable":true,"href":"https:\/\/www.almacenflotablanca.com\/web\/wp-json\/wp\/v2\/product_tag?post=237858"}],"curies":[{"name":"wp","href":"https:\/\/api.w.org\/{rel}","templated":true}]}}