{"id":237864,"date":"2024-04-11T11:31:23","date_gmt":"2024-04-11T16:31:23","guid":{"rendered":"https:\/\/www.almacenflotablanca.com\/web\/?post_type=product&#038;p=237864"},"modified":"2026-04-15T16:11:57","modified_gmt":"2026-04-15T21:11:57","slug":"luz-trasera-ebl-3402-15lm-gw","status":"publish","type":"product","link":"https:\/\/www.almacenflotablanca.com\/web\/producto\/luz-trasera-ebl-3402-15lm-gw\/","title":{"rendered":"LUZ TRASERA EBL-3402 15LM GW"},"content":{"rendered":"<p><strong>Descripci\u00f3n:<\/strong> Luz trasera para bicicleta, 8 lumens, 1 modo luz fija, 3 modos flash, fijaci\u00f3n con bandas el\u00e1sticas, bater\u00eda recargable, resistentes al agua, tiempo de carga de 2 horas, cable USB para recargar incluido.<\/p>\n","protected":false},"excerpt":{"rendered":"<p>Descripci\u00f3n: Luz trasera para bicicleta, 8 lumens, 1 modo luz fija, 3 modos flash, fijaci\u00f3n con bandas el\u00e1sticas, bater\u00eda recargable, resistentes al agua, tiempo de carga de 2 horas, cable USB para recargar incluido.<\/p>\n","protected":false},"featured_media":237865,"template":"","meta":{"_et_pb_use_builder":"","_et_pb_old_content":"","_et_gb_content_width":""},"product_brand":[],"product_cat":[15,179,53,74,108],"product_tag":[],"class_list":{"0":"post-237864","1":"product","2":"type-product","3":"status-publish","4":"has-post-thumbnail","6":"product_cat-productos","7":"product_cat-accesorios","8":"product_cat-accesorios-deportivos","9":"product_cat-bicicletas","10":"product_cat-multifuncional","12":"first","13":"instock","14":"taxable","15":"shipping-taxable","16":"purchasable","17":"product-type-simple"},"_links":{"self":[{"href":"https:\/\/www.almacenflotablanca.com\/web\/wp-json\/wp\/v2\/product\/237864","targetHints":{"allow":["GET"]}}],"collection":[{"href":"https:\/\/www.almacenflotablanca.com\/web\/wp-json\/wp\/v2\/product"}],"about":[{"href":"https:\/\/www.almacenflotablanca.com\/web\/wp-json\/wp\/v2\/types\/product"}],"wp:featuredmedia":[{"embeddable":true,"href":"https:\/\/www.almacenflotablanca.com\/web\/wp-json\/wp\/v2\/media\/237865"}],"wp:attachment":[{"href":"https:\/\/www.almacenflotablanca.com\/web\/wp-json\/wp\/v2\/media?parent=237864"}],"wp:term":[{"taxonomy":"product_brand","embeddable":true,"href":"https:\/\/www.almacenflotablanca.com\/web\/wp-json\/wp\/v2\/product_brand?post=237864"},{"taxonomy":"product_cat","embeddable":true,"href":"https:\/\/www.almacenflotablanca.com\/web\/wp-json\/wp\/v2\/product_cat?post=237864"},{"taxonomy":"product_tag","embeddable":true,"href":"https:\/\/www.almacenflotablanca.com\/web\/wp-json\/wp\/v2\/product_tag?post=237864"}],"curies":[{"name":"wp","href":"https:\/\/api.w.org\/{rel}","templated":true}]}}