{"id":237877,"date":"2024-04-12T15:44:19","date_gmt":"2024-04-12T20:44:19","guid":{"rendered":"https:\/\/www.almacenflotablanca.com\/web\/?post_type=product&#038;p=237877"},"modified":"2026-04-15T16:11:57","modified_gmt":"2026-04-15T21:11:57","slug":"luz-trasera-ebl-3402-15lm-gw-4","status":"publish","type":"product","link":"https:\/\/www.almacenflotablanca.com\/web\/producto\/luz-trasera-ebl-3402-15lm-gw-4\/","title":{"rendered":"SOPORTE PARA TELEFONO ECH-360 GW"},"content":{"rendered":"<p><strong>Descripci\u00f3n:<\/strong> Compatible con celulares entre 3,5-7 pulgadas<br \/>\nMaterial: pasta y goma<br \/>\nInstalaci\u00f3n en manillar para di\u00e1metros entre 22-35 mm<br \/>\nPermite rotaci\u00f3n 360\u00b0<br \/>\nF\u00e1cil montaje y desmontaje<br \/>\nCompatible para bicicletas est\u00e1ticas, moto, patineta, etc<br \/>\nNo se recomienda para utilizar en trochas o carreteras con muchos baches<\/p>\n","protected":false},"excerpt":{"rendered":"<p>Descripci\u00f3n: Compatible con celulares entre 3,5-7 pulgadas Material: pasta y goma Instalaci\u00f3n en manillar para di\u00e1metros entre 22-35 mm Permite rotaci\u00f3n 360\u00b0 F\u00e1cil montaje y desmontaje Compatible para bicicletas est\u00e1ticas, moto, patineta, etc No se recomienda para utilizar en trochas o carreteras con muchos baches<\/p>\n","protected":false},"featured_media":237878,"template":"","meta":{"_et_pb_use_builder":"","_et_pb_old_content":"","_et_gb_content_width":""},"product_brand":[],"product_cat":[15,179,53,74,54,108],"product_tag":[],"class_list":{"0":"post-237877","1":"product","2":"type-product","3":"status-publish","4":"has-post-thumbnail","6":"product_cat-productos","7":"product_cat-accesorios","8":"product_cat-accesorios-deportivos","9":"product_cat-bicicletas","10":"product_cat-deportes","11":"product_cat-multifuncional","13":"first","14":"instock","15":"taxable","16":"shipping-taxable","17":"purchasable","18":"product-type-simple"},"_links":{"self":[{"href":"https:\/\/www.almacenflotablanca.com\/web\/wp-json\/wp\/v2\/product\/237877","targetHints":{"allow":["GET"]}}],"collection":[{"href":"https:\/\/www.almacenflotablanca.com\/web\/wp-json\/wp\/v2\/product"}],"about":[{"href":"https:\/\/www.almacenflotablanca.com\/web\/wp-json\/wp\/v2\/types\/product"}],"wp:featuredmedia":[{"embeddable":true,"href":"https:\/\/www.almacenflotablanca.com\/web\/wp-json\/wp\/v2\/media\/237878"}],"wp:attachment":[{"href":"https:\/\/www.almacenflotablanca.com\/web\/wp-json\/wp\/v2\/media?parent=237877"}],"wp:term":[{"taxonomy":"product_brand","embeddable":true,"href":"https:\/\/www.almacenflotablanca.com\/web\/wp-json\/wp\/v2\/product_brand?post=237877"},{"taxonomy":"product_cat","embeddable":true,"href":"https:\/\/www.almacenflotablanca.com\/web\/wp-json\/wp\/v2\/product_cat?post=237877"},{"taxonomy":"product_tag","embeddable":true,"href":"https:\/\/www.almacenflotablanca.com\/web\/wp-json\/wp\/v2\/product_tag?post=237877"}],"curies":[{"name":"wp","href":"https:\/\/api.w.org\/{rel}","templated":true}]}}