{"id":237891,"date":"2024-04-13T17:49:14","date_gmt":"2024-04-13T22:49:14","guid":{"rendered":"https:\/\/www.almacenflotablanca.com\/web\/?post_type=product&#038;p=237891"},"modified":"2026-04-15T16:11:55","modified_gmt":"2026-04-15T21:11:55","slug":"soporte-de-botella-fibra-de-vidrio","status":"publish","type":"product","link":"https:\/\/www.almacenflotablanca.com\/web\/producto\/soporte-de-botella-fibra-de-vidrio\/","title":{"rendered":"SOPORTE DE BOTELLA FIBRA DE VIDRIO"},"content":{"rendered":"<p><strong>Descripci\u00f3n:<\/strong> Soporte para carama\u00f1ola en fibra de vidrio, de f\u00e1cil montaje, montaje de marco est\u00e1ndar.<\/p>\n","protected":false},"excerpt":{"rendered":"<p>Descripci\u00f3n: Soporte para carama\u00f1ola en fibra de vidrio, de f\u00e1cil montaje, montaje de marco est\u00e1ndar.<\/p>\n","protected":false},"featured_media":237892,"template":"","meta":{"_et_pb_use_builder":"","_et_pb_old_content":"","_et_gb_content_width":""},"product_brand":[],"product_cat":[15,179,53,74,154],"product_tag":[],"class_list":{"0":"post-237891","1":"product","2":"type-product","3":"status-publish","4":"has-post-thumbnail","6":"product_cat-productos","7":"product_cat-accesorios","8":"product_cat-accesorios-deportivos","9":"product_cat-bicicletas","10":"product_cat-soporte-de-entrenamiento","12":"first","13":"instock","14":"taxable","15":"shipping-taxable","16":"purchasable","17":"product-type-simple"},"_links":{"self":[{"href":"https:\/\/www.almacenflotablanca.com\/web\/wp-json\/wp\/v2\/product\/237891","targetHints":{"allow":["GET"]}}],"collection":[{"href":"https:\/\/www.almacenflotablanca.com\/web\/wp-json\/wp\/v2\/product"}],"about":[{"href":"https:\/\/www.almacenflotablanca.com\/web\/wp-json\/wp\/v2\/types\/product"}],"wp:featuredmedia":[{"embeddable":true,"href":"https:\/\/www.almacenflotablanca.com\/web\/wp-json\/wp\/v2\/media\/237892"}],"wp:attachment":[{"href":"https:\/\/www.almacenflotablanca.com\/web\/wp-json\/wp\/v2\/media?parent=237891"}],"wp:term":[{"taxonomy":"product_brand","embeddable":true,"href":"https:\/\/www.almacenflotablanca.com\/web\/wp-json\/wp\/v2\/product_brand?post=237891"},{"taxonomy":"product_cat","embeddable":true,"href":"https:\/\/www.almacenflotablanca.com\/web\/wp-json\/wp\/v2\/product_cat?post=237891"},{"taxonomy":"product_tag","embeddable":true,"href":"https:\/\/www.almacenflotablanca.com\/web\/wp-json\/wp\/v2\/product_tag?post=237891"}],"curies":[{"name":"wp","href":"https:\/\/api.w.org\/{rel}","templated":true}]}}