{"id":237955,"date":"2024-04-19T18:47:44","date_gmt":"2024-04-19T23:47:44","guid":{"rendered":"https:\/\/www.almacenflotablanca.com\/web\/?post_type=product&#038;p=237955"},"modified":"2026-04-15T16:11:47","modified_gmt":"2026-04-15T21:11:47","slug":"suspension-27-5-suntour-sf16-xct-hlo-100","status":"publish","type":"product","link":"https:\/\/www.almacenflotablanca.com\/web\/producto\/suspension-27-5-suntour-sf16-xct-hlo-100\/","title":{"rendered":"SUSPENSION 27.5 SUNTOUR SF16 XCT HLO 100"},"content":{"rendered":"<p><strong>Descripci\u00f3n:<\/strong> Suspensi\u00f3n delantera para bicicleta rin 27.5, recorrido de 100mm, con bloqueo al hombro, lado izquierdo con ajuste de tensi\u00f3n, tubo pist\u00f3n de 28mm, parte inferior en aleaci\u00f3n de aluminio, compatible con eje est\u00e1ndar, anclaje para mordaza postmount, ca\u00f1a de 1 1\/8\u201d.<\/p>\n","protected":false},"excerpt":{"rendered":"<p>Descripci\u00f3n: Suspensi\u00f3n delantera para bicicleta rin 27.5, recorrido de 100mm, con bloqueo al hombro, lado izquierdo con ajuste de tensi\u00f3n, tubo pist\u00f3n de 28mm, parte inferior en aleaci\u00f3n de aluminio, compatible con eje est\u00e1ndar, anclaje para mordaza postmount, ca\u00f1a de 1 1\/8\u201d.<\/p>\n","protected":false},"featured_media":237956,"template":"","meta":{"_et_pb_use_builder":"","_et_pb_old_content":"","_et_gb_content_width":""},"product_brand":[],"product_cat":[179,53,74,180,154],"product_tag":[],"class_list":{"0":"post-237955","1":"product","2":"type-product","3":"status-publish","4":"has-post-thumbnail","6":"product_cat-accesorios","7":"product_cat-accesorios-deportivos","8":"product_cat-bicicletas","9":"product_cat-repuestos","10":"product_cat-soporte-de-entrenamiento","12":"first","13":"outofstock","14":"taxable","15":"shipping-taxable","16":"purchasable","17":"product-type-simple"},"_links":{"self":[{"href":"https:\/\/www.almacenflotablanca.com\/web\/wp-json\/wp\/v2\/product\/237955","targetHints":{"allow":["GET"]}}],"collection":[{"href":"https:\/\/www.almacenflotablanca.com\/web\/wp-json\/wp\/v2\/product"}],"about":[{"href":"https:\/\/www.almacenflotablanca.com\/web\/wp-json\/wp\/v2\/types\/product"}],"wp:featuredmedia":[{"embeddable":true,"href":"https:\/\/www.almacenflotablanca.com\/web\/wp-json\/wp\/v2\/media\/237956"}],"wp:attachment":[{"href":"https:\/\/www.almacenflotablanca.com\/web\/wp-json\/wp\/v2\/media?parent=237955"}],"wp:term":[{"taxonomy":"product_brand","embeddable":true,"href":"https:\/\/www.almacenflotablanca.com\/web\/wp-json\/wp\/v2\/product_brand?post=237955"},{"taxonomy":"product_cat","embeddable":true,"href":"https:\/\/www.almacenflotablanca.com\/web\/wp-json\/wp\/v2\/product_cat?post=237955"},{"taxonomy":"product_tag","embeddable":true,"href":"https:\/\/www.almacenflotablanca.com\/web\/wp-json\/wp\/v2\/product_tag?post=237955"}],"curies":[{"name":"wp","href":"https:\/\/api.w.org\/{rel}","templated":true}]}}