{"id":237993,"date":"2024-04-24T13:19:31","date_gmt":"2024-04-24T18:19:31","guid":{"rendered":"https:\/\/www.almacenflotablanca.com\/web\/?post_type=product&#038;p=237993"},"modified":"2026-04-15T16:11:40","modified_gmt":"2026-04-15T21:11:40","slug":"chocles-mtb-sm-sh51-p-pedal-shimano","status":"publish","type":"product","link":"https:\/\/www.almacenflotablanca.com\/web\/producto\/chocles-mtb-sm-sh51-p-pedal-shimano\/","title":{"rendered":"CHOCLES MTB SM-SH51 P\/PEDAL SHIMANO"},"content":{"rendered":"<p><strong>Descripci\u00f3n:<\/strong> Chocles shimano para MTB, calas de liberaci\u00f3n en una sola direcci\u00f3n, compatible con pedales SPD, tornillos para montaje incluidos<\/p>\n","protected":false},"excerpt":{"rendered":"<p>Descripci\u00f3n: Chocles shimano para MTB, calas de liberaci\u00f3n en una sola direcci\u00f3n, compatible con pedales SPD, tornillos para montaje incluidos<\/p>\n","protected":false},"featured_media":237994,"template":"","meta":{"_et_pb_use_builder":"","_et_pb_old_content":"","_et_gb_content_width":""},"product_brand":[],"product_cat":[15,179,53,74,180,154],"product_tag":[],"class_list":{"0":"post-237993","1":"product","2":"type-product","3":"status-publish","4":"has-post-thumbnail","6":"product_cat-productos","7":"product_cat-accesorios","8":"product_cat-accesorios-deportivos","9":"product_cat-bicicletas","10":"product_cat-repuestos","11":"product_cat-soporte-de-entrenamiento","13":"first","14":"instock","15":"sold-individually","16":"taxable","17":"shipping-taxable","18":"purchasable","19":"product-type-simple"},"_links":{"self":[{"href":"https:\/\/www.almacenflotablanca.com\/web\/wp-json\/wp\/v2\/product\/237993","targetHints":{"allow":["GET"]}}],"collection":[{"href":"https:\/\/www.almacenflotablanca.com\/web\/wp-json\/wp\/v2\/product"}],"about":[{"href":"https:\/\/www.almacenflotablanca.com\/web\/wp-json\/wp\/v2\/types\/product"}],"wp:featuredmedia":[{"embeddable":true,"href":"https:\/\/www.almacenflotablanca.com\/web\/wp-json\/wp\/v2\/media\/237994"}],"wp:attachment":[{"href":"https:\/\/www.almacenflotablanca.com\/web\/wp-json\/wp\/v2\/media?parent=237993"}],"wp:term":[{"taxonomy":"product_brand","embeddable":true,"href":"https:\/\/www.almacenflotablanca.com\/web\/wp-json\/wp\/v2\/product_brand?post=237993"},{"taxonomy":"product_cat","embeddable":true,"href":"https:\/\/www.almacenflotablanca.com\/web\/wp-json\/wp\/v2\/product_cat?post=237993"},{"taxonomy":"product_tag","embeddable":true,"href":"https:\/\/www.almacenflotablanca.com\/web\/wp-json\/wp\/v2\/product_tag?post=237993"}],"curies":[{"name":"wp","href":"https:\/\/api.w.org\/{rel}","templated":true}]}}