{"id":238023,"date":"2024-04-28T21:13:42","date_gmt":"2024-04-29T02:13:42","guid":{"rendered":"https:\/\/www.almacenflotablanca.com\/web\/?post_type=product&#038;p=238023"},"modified":"2026-04-15T16:11:45","modified_gmt":"2026-04-15T21:11:45","slug":"manilares-tektro-r300a-aluminio-ruta","status":"publish","type":"product","link":"https:\/\/www.almacenflotablanca.com\/web\/producto\/manilares-tektro-r300a-aluminio-ruta\/","title":{"rendered":"MANILARES TEKTRO R300A ALUMINIO RUTA"},"content":{"rendered":"<p><strong>Descripci\u00f3n:<\/strong> Manijas de freno de ruta Tektro RL en aluminio. Dise\u00f1adas para un tiro lineal, son compatibles direcciones de di\u00e1metros 23,8 a 24.2 mm. Fabricadas en aluminio forjado, ofrecen resistencia y durabilidad. Cobertores en caucho. Cuentan con un bot\u00f3n de retorno para mayor funcionalidad. El cableado es interno, dise\u00f1ado para quedar por debajo de la cinta del manubrio.<\/p>\n","protected":false},"excerpt":{"rendered":"<p>Descripci\u00f3n: Manijas de freno de ruta Tektro RL en aluminio. Dise\u00f1adas para un tiro lineal, son compatibles direcciones de di\u00e1metros 23,8 a 24.2 mm. Fabricadas en aluminio forjado, ofrecen resistencia y durabilidad. Cobertores en caucho. Cuentan con un bot\u00f3n de retorno para mayor funcionalidad. El cableado es interno, dise\u00f1ado para quedar por debajo de la [&hellip;]<\/p>\n","protected":false},"featured_media":238024,"template":"","meta":{"_et_pb_use_builder":"","_et_pb_old_content":"","_et_gb_content_width":""},"product_brand":[],"product_cat":[15,179,53,74,180,154],"product_tag":[],"class_list":{"0":"post-238023","1":"product","2":"type-product","3":"status-publish","4":"has-post-thumbnail","6":"product_cat-productos","7":"product_cat-accesorios","8":"product_cat-accesorios-deportivos","9":"product_cat-bicicletas","10":"product_cat-repuestos","11":"product_cat-soporte-de-entrenamiento","13":"first","14":"instock","15":"taxable","16":"shipping-taxable","17":"purchasable","18":"product-type-simple"},"_links":{"self":[{"href":"https:\/\/www.almacenflotablanca.com\/web\/wp-json\/wp\/v2\/product\/238023","targetHints":{"allow":["GET"]}}],"collection":[{"href":"https:\/\/www.almacenflotablanca.com\/web\/wp-json\/wp\/v2\/product"}],"about":[{"href":"https:\/\/www.almacenflotablanca.com\/web\/wp-json\/wp\/v2\/types\/product"}],"wp:featuredmedia":[{"embeddable":true,"href":"https:\/\/www.almacenflotablanca.com\/web\/wp-json\/wp\/v2\/media\/238024"}],"wp:attachment":[{"href":"https:\/\/www.almacenflotablanca.com\/web\/wp-json\/wp\/v2\/media?parent=238023"}],"wp:term":[{"taxonomy":"product_brand","embeddable":true,"href":"https:\/\/www.almacenflotablanca.com\/web\/wp-json\/wp\/v2\/product_brand?post=238023"},{"taxonomy":"product_cat","embeddable":true,"href":"https:\/\/www.almacenflotablanca.com\/web\/wp-json\/wp\/v2\/product_cat?post=238023"},{"taxonomy":"product_tag","embeddable":true,"href":"https:\/\/www.almacenflotablanca.com\/web\/wp-json\/wp\/v2\/product_tag?post=238023"}],"curies":[{"name":"wp","href":"https:\/\/api.w.org\/{rel}","templated":true}]}}