{"id":238046,"date":"2024-04-30T12:00:11","date_gmt":"2024-04-30T17:00:11","guid":{"rendered":"https:\/\/www.almacenflotablanca.com\/web\/?post_type=product&#038;p=238046"},"modified":"2026-04-15T16:10:58","modified_gmt":"2026-04-15T21:10:58","slug":"kit-5-en-1-tonificacion-as3606-sport-fitness","status":"publish","type":"product","link":"https:\/\/www.almacenflotablanca.com\/web\/producto\/kit-5-en-1-tonificacion-as3606-sport-fitness\/","title":{"rendered":"KIT 5 EN 1 TONIFICACION AS3606 SPORT FITNESS"},"content":{"rendered":"<p><strong>Descripci\u00f3n<\/strong>: El Kit de tonificaci\u00f3n contiene: bal\u00f3n de gimnasia 55 cm (inflador de pie incluido), bal\u00f3n medicinal 3 libras, Tera tubo tipo aro de pilates, Tera tubo tipo mariposa, Tera tubo largo.<\/p>\n","protected":false},"excerpt":{"rendered":"<p>Descripci\u00f3n: El Kit de tonificaci\u00f3n contiene: bal\u00f3n de gimnasia 55 cm (inflador de pie incluido), bal\u00f3n medicinal 3 libras, Tera tubo tipo aro de pilates, Tera tubo tipo mariposa, Tera tubo largo.<\/p>\n","protected":false},"featured_media":238047,"template":"","meta":{"_et_pb_use_builder":"","_et_pb_old_content":"","_et_gb_content_width":""},"product_brand":[],"product_cat":[15,53,126,137,150,152,134,149],"product_tag":[],"class_list":{"0":"post-238046","1":"product","2":"type-product","3":"status-publish","4":"has-post-thumbnail","6":"product_cat-productos","7":"product_cat-accesorios-deportivos","8":"product_cat-balones","9":"product_cat-bandas","10":"product_cat-bola-gimnasia","11":"product_cat-expandidor","12":"product_cat-funcional","13":"product_cat-yoga-y-pilates","15":"first","16":"instock","17":"taxable","18":"shipping-taxable","19":"purchasable","20":"product-type-simple"},"_links":{"self":[{"href":"https:\/\/www.almacenflotablanca.com\/web\/wp-json\/wp\/v2\/product\/238046","targetHints":{"allow":["GET"]}}],"collection":[{"href":"https:\/\/www.almacenflotablanca.com\/web\/wp-json\/wp\/v2\/product"}],"about":[{"href":"https:\/\/www.almacenflotablanca.com\/web\/wp-json\/wp\/v2\/types\/product"}],"wp:featuredmedia":[{"embeddable":true,"href":"https:\/\/www.almacenflotablanca.com\/web\/wp-json\/wp\/v2\/media\/238047"}],"wp:attachment":[{"href":"https:\/\/www.almacenflotablanca.com\/web\/wp-json\/wp\/v2\/media?parent=238046"}],"wp:term":[{"taxonomy":"product_brand","embeddable":true,"href":"https:\/\/www.almacenflotablanca.com\/web\/wp-json\/wp\/v2\/product_brand?post=238046"},{"taxonomy":"product_cat","embeddable":true,"href":"https:\/\/www.almacenflotablanca.com\/web\/wp-json\/wp\/v2\/product_cat?post=238046"},{"taxonomy":"product_tag","embeddable":true,"href":"https:\/\/www.almacenflotablanca.com\/web\/wp-json\/wp\/v2\/product_tag?post=238046"}],"curies":[{"name":"wp","href":"https:\/\/api.w.org\/{rel}","templated":true}]}}