{"id":238094,"date":"2024-05-09T14:51:31","date_gmt":"2024-05-09T19:51:31","guid":{"rendered":"https:\/\/www.almacenflotablanca.com\/web\/?post_type=product&#038;p=238094"},"modified":"2026-04-15T16:11:06","modified_gmt":"2026-04-15T21:11:06","slug":"banda-elasticas-poder-2000x65x4-5mm-azul-sportfitness","status":"publish","type":"product","link":"https:\/\/www.almacenflotablanca.com\/web\/producto\/banda-elasticas-poder-2000x65x4-5mm-azul-sportfitness\/","title":{"rendered":"BANDA ELASTICAS PODER 2000X65X4.5MM AZUL SPORTFITNESS"},"content":{"rendered":"<p><strong>Descripci\u00f3n:<\/strong> Banda de poder fabricada en l\u00e1tex de alta resistencia, nivel de tensi\u00f3n 120-175LB, para uso profesional, institucional y hogar<\/p>\n<p>Las bandas el\u00e1sticas Sport fitness son ideales para complementar tus rutinas de fortalecimiento f\u00edsico. Mejora tu resistencia muscular y recuperarte de tus lesiones con las bandas el\u00e1sticas para hacer ejercicio.<\/p>\n","protected":false},"excerpt":{"rendered":"<p>Descripci\u00f3n: Banda de poder fabricada en l\u00e1tex de alta resistencia, nivel de tensi\u00f3n 120-175LB, para uso profesional, institucional y hogar Las bandas el\u00e1sticas Sport fitness son ideales para complementar tus rutinas de fortalecimiento f\u00edsico. Mejora tu resistencia muscular y recuperarte de tus lesiones con las bandas el\u00e1sticas para hacer ejercicio.<\/p>\n","protected":false},"featured_media":238095,"template":"","meta":{"_et_pb_use_builder":"","_et_pb_old_content":"","_et_gb_content_width":""},"product_brand":[],"product_cat":[15,53,137,54,135,149],"product_tag":[],"class_list":{"0":"post-238094","1":"product","2":"type-product","3":"status-publish","4":"has-post-thumbnail","6":"product_cat-productos","7":"product_cat-accesorios-deportivos","8":"product_cat-bandas","9":"product_cat-deportes","10":"product_cat-fuerza","11":"product_cat-yoga-y-pilates","13":"first","14":"instock","15":"taxable","16":"shipping-taxable","17":"purchasable","18":"product-type-simple"},"_links":{"self":[{"href":"https:\/\/www.almacenflotablanca.com\/web\/wp-json\/wp\/v2\/product\/238094","targetHints":{"allow":["GET"]}}],"collection":[{"href":"https:\/\/www.almacenflotablanca.com\/web\/wp-json\/wp\/v2\/product"}],"about":[{"href":"https:\/\/www.almacenflotablanca.com\/web\/wp-json\/wp\/v2\/types\/product"}],"wp:featuredmedia":[{"embeddable":true,"href":"https:\/\/www.almacenflotablanca.com\/web\/wp-json\/wp\/v2\/media\/238095"}],"wp:attachment":[{"href":"https:\/\/www.almacenflotablanca.com\/web\/wp-json\/wp\/v2\/media?parent=238094"}],"wp:term":[{"taxonomy":"product_brand","embeddable":true,"href":"https:\/\/www.almacenflotablanca.com\/web\/wp-json\/wp\/v2\/product_brand?post=238094"},{"taxonomy":"product_cat","embeddable":true,"href":"https:\/\/www.almacenflotablanca.com\/web\/wp-json\/wp\/v2\/product_cat?post=238094"},{"taxonomy":"product_tag","embeddable":true,"href":"https:\/\/www.almacenflotablanca.com\/web\/wp-json\/wp\/v2\/product_tag?post=238094"}],"curies":[{"name":"wp","href":"https:\/\/api.w.org\/{rel}","templated":true}]}}