{"id":238102,"date":"2024-05-11T16:33:45","date_gmt":"2024-05-11T21:33:45","guid":{"rendered":"https:\/\/www.almacenflotablanca.com\/web\/?post_type=product&#038;p=238102"},"modified":"2026-04-15T16:11:05","modified_gmt":"2026-04-15T21:11:05","slug":"bandas-elastica-poder-2000x32x4-5mm-morada-sportfitness","status":"publish","type":"product","link":"https:\/\/www.almacenflotablanca.com\/web\/producto\/bandas-elastica-poder-2000x32x4-5mm-morada-sportfitness\/","title":{"rendered":"BANDAS ELASTICA PODER 2000X32X4.5MM MORADA SPORTFITNESS"},"content":{"rendered":"<p><strong>Descripci\u00f3n:<\/strong> Banda de poder fabricada en l\u00e1tex de alta resistencia, nivel de tensi\u00f3n 50-75LB, para uso profesional, institucional y hogar<\/p>\n","protected":false},"excerpt":{"rendered":"<p>Descripci\u00f3n: Banda de poder fabricada en l\u00e1tex de alta resistencia, nivel de tensi\u00f3n 50-75LB, para uso profesional, institucional y hogar<\/p>\n","protected":false},"featured_media":238103,"template":"","meta":{"_et_pb_use_builder":"","_et_pb_old_content":"","_et_gb_content_width":""},"product_brand":[],"product_cat":[53,137,135,134],"product_tag":[],"class_list":{"0":"post-238102","1":"product","2":"type-product","3":"status-publish","4":"has-post-thumbnail","6":"product_cat-accesorios-deportivos","7":"product_cat-bandas","8":"product_cat-fuerza","9":"product_cat-funcional","11":"first","12":"instock","13":"taxable","14":"shipping-taxable","15":"purchasable","16":"product-type-simple"},"_links":{"self":[{"href":"https:\/\/www.almacenflotablanca.com\/web\/wp-json\/wp\/v2\/product\/238102","targetHints":{"allow":["GET"]}}],"collection":[{"href":"https:\/\/www.almacenflotablanca.com\/web\/wp-json\/wp\/v2\/product"}],"about":[{"href":"https:\/\/www.almacenflotablanca.com\/web\/wp-json\/wp\/v2\/types\/product"}],"wp:featuredmedia":[{"embeddable":true,"href":"https:\/\/www.almacenflotablanca.com\/web\/wp-json\/wp\/v2\/media\/238103"}],"wp:attachment":[{"href":"https:\/\/www.almacenflotablanca.com\/web\/wp-json\/wp\/v2\/media?parent=238102"}],"wp:term":[{"taxonomy":"product_brand","embeddable":true,"href":"https:\/\/www.almacenflotablanca.com\/web\/wp-json\/wp\/v2\/product_brand?post=238102"},{"taxonomy":"product_cat","embeddable":true,"href":"https:\/\/www.almacenflotablanca.com\/web\/wp-json\/wp\/v2\/product_cat?post=238102"},{"taxonomy":"product_tag","embeddable":true,"href":"https:\/\/www.almacenflotablanca.com\/web\/wp-json\/wp\/v2\/product_tag?post=238102"}],"curies":[{"name":"wp","href":"https:\/\/api.w.org\/{rel}","templated":true}]}}