{"id":238114,"date":"2024-05-15T10:33:57","date_gmt":"2024-05-15T15:33:57","guid":{"rendered":"https:\/\/www.almacenflotablanca.com\/web\/?post_type=product&#038;p=238114"},"modified":"2026-04-15T16:11:05","modified_gmt":"2026-04-15T21:11:05","slug":"bandas-elasticas-poder-2000x22x4-5mm-negra-sportfitness","status":"publish","type":"product","link":"https:\/\/www.almacenflotablanca.com\/web\/producto\/bandas-elasticas-poder-2000x22x4-5mm-negra-sportfitness\/","title":{"rendered":"BANDAS ELASTICAS PODER 2000X22X4.5MM NEGRA SPORTFITNESS"},"content":{"rendered":"<p><strong>Descripci\u00f3n:<\/strong> Banda de poder fabricada en l\u00e1tex de alta resistencia, nivel de tensi\u00f3n 25-35LB, para uso profesional, institucional y hogar<\/p>\n","protected":false},"excerpt":{"rendered":"<p>Descripci\u00f3n: Banda de poder fabricada en l\u00e1tex de alta resistencia, nivel de tensi\u00f3n 25-35LB, para uso profesional, institucional y hogar<\/p>\n","protected":false},"featured_media":238115,"template":"","meta":{"_et_pb_use_builder":"","_et_pb_old_content":"","_et_gb_content_width":""},"product_brand":[],"product_cat":[53,137,54,73,135],"product_tag":[],"class_list":{"0":"post-238114","1":"product","2":"type-product","3":"status-publish","4":"has-post-thumbnail","6":"product_cat-accesorios-deportivos","7":"product_cat-bandas","8":"product_cat-deportes","9":"product_cat-equipos-de-gimnasio","10":"product_cat-fuerza","12":"first","13":"instock","14":"taxable","15":"shipping-taxable","16":"purchasable","17":"product-type-simple"},"_links":{"self":[{"href":"https:\/\/www.almacenflotablanca.com\/web\/wp-json\/wp\/v2\/product\/238114","targetHints":{"allow":["GET"]}}],"collection":[{"href":"https:\/\/www.almacenflotablanca.com\/web\/wp-json\/wp\/v2\/product"}],"about":[{"href":"https:\/\/www.almacenflotablanca.com\/web\/wp-json\/wp\/v2\/types\/product"}],"wp:featuredmedia":[{"embeddable":true,"href":"https:\/\/www.almacenflotablanca.com\/web\/wp-json\/wp\/v2\/media\/238115"}],"wp:attachment":[{"href":"https:\/\/www.almacenflotablanca.com\/web\/wp-json\/wp\/v2\/media?parent=238114"}],"wp:term":[{"taxonomy":"product_brand","embeddable":true,"href":"https:\/\/www.almacenflotablanca.com\/web\/wp-json\/wp\/v2\/product_brand?post=238114"},{"taxonomy":"product_cat","embeddable":true,"href":"https:\/\/www.almacenflotablanca.com\/web\/wp-json\/wp\/v2\/product_cat?post=238114"},{"taxonomy":"product_tag","embeddable":true,"href":"https:\/\/www.almacenflotablanca.com\/web\/wp-json\/wp\/v2\/product_tag?post=238114"}],"curies":[{"name":"wp","href":"https:\/\/api.w.org\/{rel}","templated":true}]}}