{"id":238130,"date":"2024-05-16T12:02:24","date_gmt":"2024-05-16T17:02:24","guid":{"rendered":"https:\/\/www.almacenflotablanca.com\/web\/?post_type=product&#038;p=238130"},"modified":"2026-04-15T16:11:09","modified_gmt":"2026-04-15T21:11:09","slug":"bolsa-de-poder-10-kg-negro-verde-sport-fitness","status":"publish","type":"product","link":"https:\/\/www.almacenflotablanca.com\/web\/producto\/bolsa-de-poder-10-kg-negro-verde-sport-fitness\/","title":{"rendered":"BOLSA DE PODER 10 KG NEGRO\/VERDE SPORT FITNESS"},"content":{"rendered":"<p><strong>Descripci\u00f3n:<\/strong> La bolsa de poder est\u00e1 fabricada con lona y cuero sint\u00e9tico, en su interior con bolsa de hierro colado, tiene agarres superiores y laterales de riata en nylon, ideal para trabajo funcional.<\/p>\n","protected":false},"excerpt":{"rendered":"<p>Descripci\u00f3n: La bolsa de poder est\u00e1 fabricada con lona y cuero sint\u00e9tico, en su interior con bolsa de hierro colado, tiene agarres superiores y laterales de riata en nylon, ideal para trabajo funcional.<\/p>\n","protected":false},"featured_media":238133,"template":"","meta":{"_et_pb_use_builder":"","_et_pb_old_content":"","_et_gb_content_width":""},"product_brand":[],"product_cat":[15,53,158,54,135,134],"product_tag":[],"class_list":{"0":"post-238130","1":"product","2":"type-product","3":"status-publish","4":"has-post-thumbnail","6":"product_cat-productos","7":"product_cat-accesorios-deportivos","8":"product_cat-aerobics","9":"product_cat-deportes","10":"product_cat-fuerza","11":"product_cat-funcional","13":"first","14":"instock","15":"taxable","16":"shipping-taxable","17":"purchasable","18":"product-type-simple"},"_links":{"self":[{"href":"https:\/\/www.almacenflotablanca.com\/web\/wp-json\/wp\/v2\/product\/238130","targetHints":{"allow":["GET"]}}],"collection":[{"href":"https:\/\/www.almacenflotablanca.com\/web\/wp-json\/wp\/v2\/product"}],"about":[{"href":"https:\/\/www.almacenflotablanca.com\/web\/wp-json\/wp\/v2\/types\/product"}],"wp:featuredmedia":[{"embeddable":true,"href":"https:\/\/www.almacenflotablanca.com\/web\/wp-json\/wp\/v2\/media\/238133"}],"wp:attachment":[{"href":"https:\/\/www.almacenflotablanca.com\/web\/wp-json\/wp\/v2\/media?parent=238130"}],"wp:term":[{"taxonomy":"product_brand","embeddable":true,"href":"https:\/\/www.almacenflotablanca.com\/web\/wp-json\/wp\/v2\/product_brand?post=238130"},{"taxonomy":"product_cat","embeddable":true,"href":"https:\/\/www.almacenflotablanca.com\/web\/wp-json\/wp\/v2\/product_cat?post=238130"},{"taxonomy":"product_tag","embeddable":true,"href":"https:\/\/www.almacenflotablanca.com\/web\/wp-json\/wp\/v2\/product_tag?post=238130"}],"curies":[{"name":"wp","href":"https:\/\/api.w.org\/{rel}","templated":true}]}}