{"id":238142,"date":"2024-05-20T18:30:58","date_gmt":"2024-05-20T23:30:58","guid":{"rendered":"https:\/\/www.almacenflotablanca.com\/web\/?post_type=product&#038;p=238142"},"modified":"2026-04-15T16:11:09","modified_gmt":"2026-04-15T21:11:09","slug":"collarines-plasticos-p-barra-olimpica-sportfitness","status":"publish","type":"product","link":"https:\/\/www.almacenflotablanca.com\/web\/producto\/collarines-plasticos-p-barra-olimpica-sportfitness\/","title":{"rendered":"COLLARINES PLASTICOS P\/BARRA OLIMPICA SPORTFITNESS"},"content":{"rendered":"<p><strong>Descripci\u00f3n:<\/strong> Par de collarines en pl\u00e1stico, para barra ol\u00edmpica (52mm\/2\u201d), bandas de caucho en el interior para evitar deslizamiento, palanca de seguridad de cierre a presi\u00f3n, de f\u00e1cil uso.<\/p>\n","protected":false},"excerpt":{"rendered":"<p>Descripci\u00f3n: Par de collarines en pl\u00e1stico, para barra ol\u00edmpica (52mm\/2\u201d), bandas de caucho en el interior para evitar deslizamiento, palanca de seguridad de cierre a presi\u00f3n, de f\u00e1cil uso.<\/p>\n","protected":false},"featured_media":238143,"template":"","meta":{"_et_pb_use_builder":"","_et_pb_old_content":"","_et_gb_content_width":""},"product_brand":[],"product_cat":[53,104,173,135],"product_tag":[],"class_list":{"0":"post-238142","1":"product","2":"type-product","3":"status-publish","4":"has-post-thumbnail","6":"product_cat-accesorios-deportivos","7":"product_cat-barras","8":"product_cat-barras-olimpicas","9":"product_cat-fuerza","11":"first","12":"instock","13":"taxable","14":"shipping-taxable","15":"purchasable","16":"product-type-simple"},"_links":{"self":[{"href":"https:\/\/www.almacenflotablanca.com\/web\/wp-json\/wp\/v2\/product\/238142","targetHints":{"allow":["GET"]}}],"collection":[{"href":"https:\/\/www.almacenflotablanca.com\/web\/wp-json\/wp\/v2\/product"}],"about":[{"href":"https:\/\/www.almacenflotablanca.com\/web\/wp-json\/wp\/v2\/types\/product"}],"wp:featuredmedia":[{"embeddable":true,"href":"https:\/\/www.almacenflotablanca.com\/web\/wp-json\/wp\/v2\/media\/238143"}],"wp:attachment":[{"href":"https:\/\/www.almacenflotablanca.com\/web\/wp-json\/wp\/v2\/media?parent=238142"}],"wp:term":[{"taxonomy":"product_brand","embeddable":true,"href":"https:\/\/www.almacenflotablanca.com\/web\/wp-json\/wp\/v2\/product_brand?post=238142"},{"taxonomy":"product_cat","embeddable":true,"href":"https:\/\/www.almacenflotablanca.com\/web\/wp-json\/wp\/v2\/product_cat?post=238142"},{"taxonomy":"product_tag","embeddable":true,"href":"https:\/\/www.almacenflotablanca.com\/web\/wp-json\/wp\/v2\/product_tag?post=238142"}],"curies":[{"name":"wp","href":"https:\/\/api.w.org\/{rel}","templated":true}]}}