{"id":238238,"date":"2024-06-15T20:12:09","date_gmt":"2024-06-16T01:12:09","guid":{"rendered":"https:\/\/www.almacenflotablanca.com\/web\/?post_type=product&#038;p=238238"},"modified":"2026-04-15T16:11:09","modified_gmt":"2026-04-15T21:11:09","slug":"mini-gym-ball-30cm-sportfitness","status":"publish","type":"product","link":"https:\/\/www.almacenflotablanca.com\/web\/producto\/mini-gym-ball-30cm-sportfitness\/","title":{"rendered":"MINI GYM BALL 30CM SPORTFITNESS"},"content":{"rendered":"<p><strong>Descripci\u00f3n<\/strong>: Fabricada en l\u00e1tex de alta resistencia, ideal para trabajo de fortalecimiento, para uso dom\u00e9stico e institucional.<\/p>\n","protected":false},"excerpt":{"rendered":"<p>Descripci\u00f3n: Fabricada en l\u00e1tex de alta resistencia, ideal para trabajo de fortalecimiento, para uso dom\u00e9stico e institucional.<\/p>\n","protected":false},"featured_media":238239,"template":"","meta":{"_et_pb_use_builder":"","_et_pb_old_content":"","_et_gb_content_width":""},"product_brand":[],"product_cat":[53,126,54,135,134],"product_tag":[],"class_list":{"0":"post-238238","1":"product","2":"type-product","3":"status-publish","4":"has-post-thumbnail","6":"product_cat-accesorios-deportivos","7":"product_cat-balones","8":"product_cat-deportes","9":"product_cat-fuerza","10":"product_cat-funcional","12":"first","13":"instock","14":"taxable","15":"shipping-taxable","16":"purchasable","17":"product-type-simple"},"_links":{"self":[{"href":"https:\/\/www.almacenflotablanca.com\/web\/wp-json\/wp\/v2\/product\/238238","targetHints":{"allow":["GET"]}}],"collection":[{"href":"https:\/\/www.almacenflotablanca.com\/web\/wp-json\/wp\/v2\/product"}],"about":[{"href":"https:\/\/www.almacenflotablanca.com\/web\/wp-json\/wp\/v2\/types\/product"}],"wp:featuredmedia":[{"embeddable":true,"href":"https:\/\/www.almacenflotablanca.com\/web\/wp-json\/wp\/v2\/media\/238239"}],"wp:attachment":[{"href":"https:\/\/www.almacenflotablanca.com\/web\/wp-json\/wp\/v2\/media?parent=238238"}],"wp:term":[{"taxonomy":"product_brand","embeddable":true,"href":"https:\/\/www.almacenflotablanca.com\/web\/wp-json\/wp\/v2\/product_brand?post=238238"},{"taxonomy":"product_cat","embeddable":true,"href":"https:\/\/www.almacenflotablanca.com\/web\/wp-json\/wp\/v2\/product_cat?post=238238"},{"taxonomy":"product_tag","embeddable":true,"href":"https:\/\/www.almacenflotablanca.com\/web\/wp-json\/wp\/v2\/product_tag?post=238238"}],"curies":[{"name":"wp","href":"https:\/\/api.w.org\/{rel}","templated":true}]}}