{"id":238599,"date":"2024-08-29T12:38:27","date_gmt":"2024-08-29T17:38:27","guid":{"rendered":"https:\/\/www.almacenflotablanca.com\/web\/?post_type=product&#038;p=238599"},"modified":"2026-04-15T16:11:52","modified_gmt":"2026-04-15T21:11:52","slug":"bomba-beto-cmpb-03b-2-vias","status":"publish","type":"product","link":"https:\/\/www.almacenflotablanca.com\/web\/producto\/bomba-beto-cmpb-03b-2-vias\/","title":{"rendered":"BOMBA BETO CMPB-03B 2 VIAS"},"content":{"rendered":"<p>Cuenta con una estructura ligera y compacta, fabricada en pasta de alta resistencia, cabezal sencillo ajustable para v\u00e1lvulas Presta y Schrader, es de doble acci\u00f3n, cuenta con soporte para llevar en la bicicleta, incluye aguja para bal\u00f3n, 5.5BAR\/80PSI<\/p>\n","protected":false},"excerpt":{"rendered":"<p>Cuenta con una estructura ligera y compacta, fabricada en pasta de alta resistencia, cabezal sencillo ajustable para v\u00e1lvulas Presta y Schrader, es de doble acci\u00f3n, cuenta con soporte para llevar en la bicicleta, incluye aguja para bal\u00f3n, 5.5BAR\/80PSI<\/p>\n","protected":false},"featured_media":238713,"template":"","meta":{"_et_pb_use_builder":"","_et_pb_old_content":"","_et_gb_content_width":""},"product_brand":[],"product_cat":[15,179,53,74],"product_tag":[],"class_list":{"0":"post-238599","1":"product","2":"type-product","3":"status-publish","4":"has-post-thumbnail","6":"product_cat-productos","7":"product_cat-accesorios","8":"product_cat-accesorios-deportivos","9":"product_cat-bicicletas","11":"first","12":"instock","13":"taxable","14":"shipping-taxable","15":"purchasable","16":"product-type-simple"},"_links":{"self":[{"href":"https:\/\/www.almacenflotablanca.com\/web\/wp-json\/wp\/v2\/product\/238599","targetHints":{"allow":["GET"]}}],"collection":[{"href":"https:\/\/www.almacenflotablanca.com\/web\/wp-json\/wp\/v2\/product"}],"about":[{"href":"https:\/\/www.almacenflotablanca.com\/web\/wp-json\/wp\/v2\/types\/product"}],"wp:featuredmedia":[{"embeddable":true,"href":"https:\/\/www.almacenflotablanca.com\/web\/wp-json\/wp\/v2\/media\/238713"}],"wp:attachment":[{"href":"https:\/\/www.almacenflotablanca.com\/web\/wp-json\/wp\/v2\/media?parent=238599"}],"wp:term":[{"taxonomy":"product_brand","embeddable":true,"href":"https:\/\/www.almacenflotablanca.com\/web\/wp-json\/wp\/v2\/product_brand?post=238599"},{"taxonomy":"product_cat","embeddable":true,"href":"https:\/\/www.almacenflotablanca.com\/web\/wp-json\/wp\/v2\/product_cat?post=238599"},{"taxonomy":"product_tag","embeddable":true,"href":"https:\/\/www.almacenflotablanca.com\/web\/wp-json\/wp\/v2\/product_tag?post=238599"}],"curies":[{"name":"wp","href":"https:\/\/api.w.org\/{rel}","templated":true}]}}