{"id":238622,"date":"2024-09-02T11:23:42","date_gmt":"2024-09-02T16:23:42","guid":{"rendered":"https:\/\/www.almacenflotablanca.com\/web\/?post_type=product&#038;p=238622"},"modified":"2026-04-15T16:11:36","modified_gmt":"2026-04-15T21:11:36","slug":"mini-bomba-plastica-push-pull-stl-gp-99-val-int","status":"publish","type":"product","link":"https:\/\/www.almacenflotablanca.com\/web\/producto\/mini-bomba-plastica-push-pull-stl-gp-99-val-int\/","title":{"rendered":"MINI BOMBA PLASTICA PUSH &#038; PULL STL GP-99 VAL INT"},"content":{"rendered":"<p>Cuenta con una estructura ligera y compacta, cuerpo en pl\u00e1stico, cabezal autom\u00e1tico, v\u00e1lvula inteligente, es compatible con v\u00e1lvulas Presta y Schrader, mango ergon\u00f3mico, cuenta con soporte para llevar en la bicicleta, 8BAR\/120PSI<\/p>\n","protected":false},"excerpt":{"rendered":"<p>Cuenta con una estructura ligera y compacta, cuerpo en pl\u00e1stico, cabezal autom\u00e1tico, v\u00e1lvula inteligente, es compatible con v\u00e1lvulas Presta y Schrader, mango ergon\u00f3mico, cuenta con soporte para llevar en la bicicleta, 8BAR\/120PSI<\/p>\n","protected":false},"featured_media":238718,"template":"","meta":{"_et_pb_use_builder":"","_et_pb_old_content":"","_et_gb_content_width":""},"product_brand":[],"product_cat":[15,179,53,74],"product_tag":[],"class_list":{"0":"post-238622","1":"product","2":"type-product","3":"status-publish","4":"has-post-thumbnail","6":"product_cat-productos","7":"product_cat-accesorios","8":"product_cat-accesorios-deportivos","9":"product_cat-bicicletas","11":"first","12":"instock","13":"taxable","14":"shipping-taxable","15":"purchasable","16":"product-type-simple"},"_links":{"self":[{"href":"https:\/\/www.almacenflotablanca.com\/web\/wp-json\/wp\/v2\/product\/238622","targetHints":{"allow":["GET"]}}],"collection":[{"href":"https:\/\/www.almacenflotablanca.com\/web\/wp-json\/wp\/v2\/product"}],"about":[{"href":"https:\/\/www.almacenflotablanca.com\/web\/wp-json\/wp\/v2\/types\/product"}],"wp:featuredmedia":[{"embeddable":true,"href":"https:\/\/www.almacenflotablanca.com\/web\/wp-json\/wp\/v2\/media\/238718"}],"wp:attachment":[{"href":"https:\/\/www.almacenflotablanca.com\/web\/wp-json\/wp\/v2\/media?parent=238622"}],"wp:term":[{"taxonomy":"product_brand","embeddable":true,"href":"https:\/\/www.almacenflotablanca.com\/web\/wp-json\/wp\/v2\/product_brand?post=238622"},{"taxonomy":"product_cat","embeddable":true,"href":"https:\/\/www.almacenflotablanca.com\/web\/wp-json\/wp\/v2\/product_cat?post=238622"},{"taxonomy":"product_tag","embeddable":true,"href":"https:\/\/www.almacenflotablanca.com\/web\/wp-json\/wp\/v2\/product_tag?post=238622"}],"curies":[{"name":"wp","href":"https:\/\/api.w.org\/{rel}","templated":true}]}}