{"id":238664,"date":"2024-09-03T12:20:21","date_gmt":"2024-09-03T17:20:21","guid":{"rendered":"https:\/\/www.almacenflotablanca.com\/web\/?post_type=product&#038;p=238664"},"modified":"2026-04-15T16:11:59","modified_gmt":"2026-04-15T21:11:59","slug":"casco-bmx-gw-junior-abs-negro-azul-talla-s","status":"publish","type":"product","link":"https:\/\/www.almacenflotablanca.com\/web\/producto\/casco-bmx-gw-junior-abs-negro-azul-talla-s\/","title":{"rendered":"CASCO BMX GW JUNIOR ABS NEGRO\/AZUL TALLA S"},"content":{"rendered":"<p>Casco GW full face para BMX, fabricado en poliestireno expandido, con correas ajustables, con visera, alta densidad para una \u00f3ptima absorci\u00f3n al impacto, almohadillas laterales removibles para una adecuada higiene a la hora de limpiar el casco, ventilaci\u00f3n en la parte trasera superior.<\/p>\n","protected":false},"excerpt":{"rendered":"<p>Casco GW full face para BMX, fabricado en poliestireno expandido, con correas ajustables, con visera, alta densidad para una \u00f3ptima absorci\u00f3n al impacto, almohadillas laterales removibles para una adecuada higiene a la hora de limpiar el casco, ventilaci\u00f3n en la parte trasera superior.<\/p>\n","protected":false},"featured_media":238734,"template":"","meta":{"_et_pb_use_builder":"","_et_pb_old_content":"","_et_gb_content_width":""},"product_brand":[],"product_cat":[15,179,53,74],"product_tag":[],"class_list":{"0":"post-238664","1":"product","2":"type-product","3":"status-publish","4":"has-post-thumbnail","6":"product_cat-productos","7":"product_cat-accesorios","8":"product_cat-accesorios-deportivos","9":"product_cat-bicicletas","11":"first","12":"instock","13":"taxable","14":"shipping-taxable","15":"purchasable","16":"product-type-simple"},"_links":{"self":[{"href":"https:\/\/www.almacenflotablanca.com\/web\/wp-json\/wp\/v2\/product\/238664","targetHints":{"allow":["GET"]}}],"collection":[{"href":"https:\/\/www.almacenflotablanca.com\/web\/wp-json\/wp\/v2\/product"}],"about":[{"href":"https:\/\/www.almacenflotablanca.com\/web\/wp-json\/wp\/v2\/types\/product"}],"wp:featuredmedia":[{"embeddable":true,"href":"https:\/\/www.almacenflotablanca.com\/web\/wp-json\/wp\/v2\/media\/238734"}],"wp:attachment":[{"href":"https:\/\/www.almacenflotablanca.com\/web\/wp-json\/wp\/v2\/media?parent=238664"}],"wp:term":[{"taxonomy":"product_brand","embeddable":true,"href":"https:\/\/www.almacenflotablanca.com\/web\/wp-json\/wp\/v2\/product_brand?post=238664"},{"taxonomy":"product_cat","embeddable":true,"href":"https:\/\/www.almacenflotablanca.com\/web\/wp-json\/wp\/v2\/product_cat?post=238664"},{"taxonomy":"product_tag","embeddable":true,"href":"https:\/\/www.almacenflotablanca.com\/web\/wp-json\/wp\/v2\/product_tag?post=238664"}],"curies":[{"name":"wp","href":"https:\/\/api.w.org\/{rel}","templated":true}]}}