{"id":238769,"date":"2024-09-23T13:24:30","date_gmt":"2024-09-23T18:24:30","guid":{"rendered":"https:\/\/www.almacenflotablanca.com\/web\/?post_type=product&#038;p=238769"},"modified":"2026-04-15T16:12:17","modified_gmt":"2026-04-15T21:12:17","slug":"bicicleta-rin-26-aluminio-elara-gris","status":"publish","type":"product","link":"https:\/\/www.almacenflotablanca.com\/web\/producto\/bicicleta-rin-26-aluminio-elara-gris\/","title":{"rendered":"BICICLETA RIN 26 ALUMINIO ELARA GRIS"},"content":{"rendered":"<p>Bicicleta rin 26 marco en aluminio para dama.<br \/>\nMarco en aluminio con cableado externo<br \/>\nSuspensi\u00f3n GW<br \/>\nCodo y direcci\u00f3n en aluminio<br \/>\nSistema de freno de disco mec\u00e1nico<br \/>\nPalancas de recorrido<br \/>\nRelaci\u00f3n GW con biela en aluminio<br \/>\nPacha marr\u00f3n de rosca<br \/>\nDescarrilador y tensor turney<br \/>\nManzana en aluminio de 36 huecos<br \/>\nAros en aluminio, Llantas chaoyang<br \/>\nPedales en resina<\/p>\n","protected":false},"excerpt":{"rendered":"<p>Bicicleta rin 26 marco en aluminio para dama. Marco en aluminio con cableado externo Suspensi\u00f3n GW Codo y direcci\u00f3n en aluminio Sistema de freno de disco mec\u00e1nico Palancas de recorrido Relaci\u00f3n GW con biela en aluminio Pacha marr\u00f3n de rosca Descarrilador y tensor turney Manzana en aluminio de 36 huecos Aros en aluminio, Llantas chaoyang [&hellip;]<\/p>\n","protected":false},"featured_media":238771,"template":"","meta":{"_et_pb_use_builder":"","_et_pb_old_content":"","_et_gb_content_width":""},"product_brand":[],"product_cat":[74,138],"product_tag":[],"class_list":{"0":"post-238769","1":"product","2":"type-product","3":"status-publish","4":"has-post-thumbnail","6":"product_cat-bicicletas","7":"product_cat-bicicletas-de-montana","9":"first","10":"outofstock","11":"taxable","12":"shipping-taxable","13":"purchasable","14":"product-type-simple"},"_links":{"self":[{"href":"https:\/\/www.almacenflotablanca.com\/web\/wp-json\/wp\/v2\/product\/238769","targetHints":{"allow":["GET"]}}],"collection":[{"href":"https:\/\/www.almacenflotablanca.com\/web\/wp-json\/wp\/v2\/product"}],"about":[{"href":"https:\/\/www.almacenflotablanca.com\/web\/wp-json\/wp\/v2\/types\/product"}],"wp:featuredmedia":[{"embeddable":true,"href":"https:\/\/www.almacenflotablanca.com\/web\/wp-json\/wp\/v2\/media\/238771"}],"wp:attachment":[{"href":"https:\/\/www.almacenflotablanca.com\/web\/wp-json\/wp\/v2\/media?parent=238769"}],"wp:term":[{"taxonomy":"product_brand","embeddable":true,"href":"https:\/\/www.almacenflotablanca.com\/web\/wp-json\/wp\/v2\/product_brand?post=238769"},{"taxonomy":"product_cat","embeddable":true,"href":"https:\/\/www.almacenflotablanca.com\/web\/wp-json\/wp\/v2\/product_cat?post=238769"},{"taxonomy":"product_tag","embeddable":true,"href":"https:\/\/www.almacenflotablanca.com\/web\/wp-json\/wp\/v2\/product_tag?post=238769"}],"curies":[{"name":"wp","href":"https:\/\/api.w.org\/{rel}","templated":true}]}}