{"id":238884,"date":"2024-10-02T18:12:39","date_gmt":"2024-10-02T23:12:39","guid":{"rendered":"https:\/\/www.almacenflotablanca.com\/web\/?post_type=product&#038;p=238884"},"modified":"2026-04-15T16:11:48","modified_gmt":"2026-04-15T21:11:48","slug":"patines-speed-bolt-canariam-fucsia-33-36","status":"publish","type":"product","link":"https:\/\/www.almacenflotablanca.com\/web\/producto\/patines-speed-bolt-canariam-fucsia-33-36\/","title":{"rendered":"PATINES SPEED BOLT CANARIAM FUCSIA 33-36"},"content":{"rendered":"<p>Patines en l\u00ednea de uso semiprofesional, recreativo e iniciaci\u00f3n, bota en pasta y material sint\u00e9tico de alta calidad, acolchado interior, sistema de ajuste por tallas (4 tallas), 4 ruedas de 84MM en goma con balinera sellada, chasis en aluminio, se puede usar con 3 ruedas de 110MM, 2 correas de ajuste y cordones.<\/p>\n<p>Se sugiere seleccionar 2 tallas m\u00e1s de las que usa en calzado normal.<\/p>\n","protected":false},"excerpt":{"rendered":"<p>Patines en l\u00ednea de uso semiprofesional, recreativo e iniciaci\u00f3n, bota en pasta y material sint\u00e9tico de alta calidad, acolchado interior, sistema de ajuste por tallas (4 tallas), 4 ruedas de 84MM en goma con balinera sellada, chasis en aluminio, se puede usar con 3 ruedas de 110MM, 2 correas de ajuste y cordones. Se sugiere [&hellip;]<\/p>\n","protected":false},"featured_media":238885,"template":"","meta":{"_et_pb_use_builder":"","_et_pb_old_content":"","_et_gb_content_width":""},"product_brand":[],"product_cat":[15,57],"product_tag":[],"class_list":{"0":"post-238884","1":"product","2":"type-product","3":"status-publish","4":"has-post-thumbnail","6":"product_cat-productos","7":"product_cat-patines","9":"first","10":"outofstock","11":"taxable","12":"shipping-taxable","13":"purchasable","14":"product-type-simple"},"_links":{"self":[{"href":"https:\/\/www.almacenflotablanca.com\/web\/wp-json\/wp\/v2\/product\/238884","targetHints":{"allow":["GET"]}}],"collection":[{"href":"https:\/\/www.almacenflotablanca.com\/web\/wp-json\/wp\/v2\/product"}],"about":[{"href":"https:\/\/www.almacenflotablanca.com\/web\/wp-json\/wp\/v2\/types\/product"}],"wp:featuredmedia":[{"embeddable":true,"href":"https:\/\/www.almacenflotablanca.com\/web\/wp-json\/wp\/v2\/media\/238885"}],"wp:attachment":[{"href":"https:\/\/www.almacenflotablanca.com\/web\/wp-json\/wp\/v2\/media?parent=238884"}],"wp:term":[{"taxonomy":"product_brand","embeddable":true,"href":"https:\/\/www.almacenflotablanca.com\/web\/wp-json\/wp\/v2\/product_brand?post=238884"},{"taxonomy":"product_cat","embeddable":true,"href":"https:\/\/www.almacenflotablanca.com\/web\/wp-json\/wp\/v2\/product_cat?post=238884"},{"taxonomy":"product_tag","embeddable":true,"href":"https:\/\/www.almacenflotablanca.com\/web\/wp-json\/wp\/v2\/product_tag?post=238884"}],"curies":[{"name":"wp","href":"https:\/\/api.w.org\/{rel}","templated":true}]}}