{"id":239127,"date":"2025-01-22T14:50:07","date_gmt":"2025-01-22T19:50:07","guid":{"rendered":"https:\/\/www.almacenflotablanca.com\/web\/?post_type=product&#038;p=239127"},"modified":"2026-04-15T16:10:42","modified_gmt":"2026-04-15T21:10:42","slug":"casco-giro-vasona-mat","status":"publish","type":"product","link":"https:\/\/www.almacenflotablanca.com\/web\/producto\/casco-giro-vasona-mat\/","title":{"rendered":"CASCO GIRO VASONA MAT"},"content":{"rendered":"<p><span class=\"NormalTextRun SCXW174933692 BCX8\">Casco GIRO para mujer talla \u00fanica, <\/span><span class=\"NormalTextRun ContextualSpellingAndGrammarErrorV2Themed SCXW174933692 BCX8\">ultra ligero<\/span><span class=\"NormalTextRun SCXW174933692 BCX8\">, con <\/span><span class=\"NormalTextRun SCXW174933692 BCX8\">visera <\/span><span class=\"NormalTextRun SpellingErrorV2Themed SCXW174933692 BCX8\">extraibl<\/span><span class=\"NormalTextRun SpellingErrorV2Themed SCXW174933692 BCX8\">e<\/span><span class=\"NormalTextRun SCXW174933692 BCX8\">, correas ajustables<\/span><\/p>\n<p>Dise\u00f1ado especialmente para mujeres que buscan combinar seguridad, comodidad y estilo en sus paseos en bicicleta. Este casco de talla \u00fanica es ultra ligero, lo que te permitir\u00e1 disfrutar de tus rutas sin sentirte cargada. Adem\u00e1s, cuenta con una\u00a0visera extra\u00edble que te protege y correas ajustables para un ajuste perfecto y personalizado.<\/p>\n<p>&nbsp;<\/p>\n","protected":false},"excerpt":{"rendered":"<p>Casco GIRO para mujer talla \u00fanica, ultra ligero, con visera extraible, correas ajustables Dise\u00f1ado especialmente para mujeres que buscan combinar seguridad, comodidad y estilo en sus paseos en bicicleta. Este casco de talla \u00fanica es ultra ligero, lo que te permitir\u00e1 disfrutar de tus rutas sin sentirte cargada. Adem\u00e1s, cuenta con una\u00a0visera extra\u00edble que te [&hellip;]<\/p>\n","protected":false},"featured_media":239128,"template":"","meta":{"_et_pb_use_builder":"","_et_pb_old_content":"","_et_gb_content_width":""},"product_brand":[],"product_cat":[179],"product_tag":[],"class_list":{"0":"post-239127","1":"product","2":"type-product","3":"status-publish","4":"has-post-thumbnail","6":"product_cat-accesorios","8":"first","9":"instock","10":"taxable","11":"shipping-taxable","12":"purchasable","13":"product-type-simple"},"_links":{"self":[{"href":"https:\/\/www.almacenflotablanca.com\/web\/wp-json\/wp\/v2\/product\/239127","targetHints":{"allow":["GET"]}}],"collection":[{"href":"https:\/\/www.almacenflotablanca.com\/web\/wp-json\/wp\/v2\/product"}],"about":[{"href":"https:\/\/www.almacenflotablanca.com\/web\/wp-json\/wp\/v2\/types\/product"}],"wp:featuredmedia":[{"embeddable":true,"href":"https:\/\/www.almacenflotablanca.com\/web\/wp-json\/wp\/v2\/media\/239128"}],"wp:attachment":[{"href":"https:\/\/www.almacenflotablanca.com\/web\/wp-json\/wp\/v2\/media?parent=239127"}],"wp:term":[{"taxonomy":"product_brand","embeddable":true,"href":"https:\/\/www.almacenflotablanca.com\/web\/wp-json\/wp\/v2\/product_brand?post=239127"},{"taxonomy":"product_cat","embeddable":true,"href":"https:\/\/www.almacenflotablanca.com\/web\/wp-json\/wp\/v2\/product_cat?post=239127"},{"taxonomy":"product_tag","embeddable":true,"href":"https:\/\/www.almacenflotablanca.com\/web\/wp-json\/wp\/v2\/product_tag?post=239127"}],"curies":[{"name":"wp","href":"https:\/\/api.w.org\/{rel}","templated":true}]}}