{"id":239130,"date":"2025-01-22T15:03:22","date_gmt":"2025-01-22T20:03:22","guid":{"rendered":"https:\/\/www.almacenflotablanca.com\/web\/?post_type=product&#038;p=239130"},"modified":"2026-04-15T16:10:45","modified_gmt":"2026-04-15T21:10:45","slug":"bicicleta-rin-20p-gw-pilot-rojo","status":"publish","type":"product","link":"https:\/\/www.almacenflotablanca.com\/web\/producto\/bicicleta-rin-20p-gw-pilot-rojo\/","title":{"rendered":"BICICLETA RIN 20P GW PILOT ROJO"},"content":{"rendered":"<p><span class=\"NormalTextRun SCXW69792310 BCX8\">Bicicleta infantil <\/span><span class=\"NormalTextRun SpellingErrorV2Themed SCXW69792310 BCX8\">pilot<\/span><span class=\"NormalTextRun SCXW69792310 BCX8\"> GW rin 20, con <\/span><span class=\"NormalTextRun SpellingErrorV2Themed SCXW69792310 BCX8\">paral<\/span><span class=\"NormalTextRun SCXW69792310 BCX8\"> central, guardabarros, espumas protectoras direcci\u00f3n y codo, guardacadena, d<\/span>ise\u00f1ada para ofrecer a los m\u00e1s peque\u00f1os una experiencia de ciclismo segura y divertida, con un paral central que facilita el estacionamiento, guardabarros para mantener la bicicleta limpia en cualquier terreno, y espumas protectoras en la direcci\u00f3n y el codo para mayor seguridad, adem\u00e1s, incluye un guardacadena que protege a los ni\u00f1os de posibles accidentes y mantiene la cadena en perfecto estado.<\/p>\n<p>Cuenta con: <span data-contrast=\"auto\">Marco en acero con caja americana, <\/span><span data-contrast=\"auto\">Tenedor en acero con espigo de rosca, <\/span><span data-contrast=\"auto\">Codo BMX en acero, <\/span><span data-contrast=\"auto\">Direcci\u00f3n tipo BMX en acero<\/span><span data-ccp-props=\"{&quot;134233117&quot;:false,&quot;134233118&quot;:false,&quot;201341983&quot;:0,&quot;335559738&quot;:0,&quot;335559739&quot;:160,&quot;335559740&quot;:257}\">, <\/span><span data-contrast=\"auto\">Sistema de freno V\/BRAKE en resina, <\/span><span data-contrast=\"auto\">Relaci\u00f3n en acero 36t, <\/span><span data-contrast=\"auto\">Pi\u00f1\u00f3n marr\u00f3n 18t, <\/span><span data-contrast=\"auto\">Manzana en acero, <\/span><span data-contrast=\"auto\">Aros en acero, Llantas 20&#215;2.125, <\/span><span data-contrast=\"auto\">Pedales en resina<\/span><span data-ccp-props=\"{&quot;134233117&quot;:false,&quot;134233118&quot;:false,&quot;201341983&quot;:0,&quot;335559738&quot;:0,&quot;335559739&quot;:160,&quot;335559740&quot;:257}\">\u00a0<\/span><\/p>\n","protected":false},"excerpt":{"rendered":"<p>Bicicleta infantil pilot GW rin 20, con paral central, guardabarros, espumas protectoras direcci\u00f3n y codo, guardacadena, dise\u00f1ada para ofrecer a los m\u00e1s peque\u00f1os una experiencia de ciclismo segura y divertida, con un paral central que facilita el estacionamiento, guardabarros para mantener la bicicleta limpia en cualquier terreno, y espumas protectoras en la direcci\u00f3n y el [&hellip;]<\/p>\n","protected":false},"featured_media":239131,"template":"","meta":{"_et_pb_use_builder":"","_et_pb_old_content":"","_et_gb_content_width":""},"product_brand":[],"product_cat":[64],"product_tag":[],"class_list":{"0":"post-239130","1":"product","2":"type-product","3":"status-publish","4":"has-post-thumbnail","6":"product_cat-bicicletas-infantiles","8":"first","9":"instock","10":"taxable","11":"shipping-taxable","12":"purchasable","13":"product-type-simple"},"_links":{"self":[{"href":"https:\/\/www.almacenflotablanca.com\/web\/wp-json\/wp\/v2\/product\/239130","targetHints":{"allow":["GET"]}}],"collection":[{"href":"https:\/\/www.almacenflotablanca.com\/web\/wp-json\/wp\/v2\/product"}],"about":[{"href":"https:\/\/www.almacenflotablanca.com\/web\/wp-json\/wp\/v2\/types\/product"}],"wp:featuredmedia":[{"embeddable":true,"href":"https:\/\/www.almacenflotablanca.com\/web\/wp-json\/wp\/v2\/media\/239131"}],"wp:attachment":[{"href":"https:\/\/www.almacenflotablanca.com\/web\/wp-json\/wp\/v2\/media?parent=239130"}],"wp:term":[{"taxonomy":"product_brand","embeddable":true,"href":"https:\/\/www.almacenflotablanca.com\/web\/wp-json\/wp\/v2\/product_brand?post=239130"},{"taxonomy":"product_cat","embeddable":true,"href":"https:\/\/www.almacenflotablanca.com\/web\/wp-json\/wp\/v2\/product_cat?post=239130"},{"taxonomy":"product_tag","embeddable":true,"href":"https:\/\/www.almacenflotablanca.com\/web\/wp-json\/wp\/v2\/product_tag?post=239130"}],"curies":[{"name":"wp","href":"https:\/\/api.w.org\/{rel}","templated":true}]}}