{"id":239142,"date":"2025-01-23T18:32:00","date_gmt":"2025-01-23T23:32:00","guid":{"rendered":"https:\/\/www.almacenflotablanca.com\/web\/?post_type=product&#038;p=239142"},"modified":"2026-04-15T16:10:49","modified_gmt":"2026-04-15T21:10:49","slug":"bicicleta-gw-shadow-rin-20-nino-azul-gris","status":"publish","type":"product","link":"https:\/\/www.almacenflotablanca.com\/web\/producto\/bicicleta-gw-shadow-rin-20-nino-azul-gris\/","title":{"rendered":"BICICLETA GW SHADOW RIN 20 NI\u00d1O AZUL\/GRIS"},"content":{"rendered":"<p>Bicicleta infantil shadow GW rin 20, con paral central, guardabarros, espumas protectoras direcci\u00f3n y codo, guardacadena, dise\u00f1ada para ofrecer la m\u00e1xima seguridad y comodidad, esta bicicleta cuenta con un paral central\u00a0que facilita el estacionamiento,\u00a0guardabarros\u00a0que protegen contra el barro y la suciedad, y\u00a0espumas protectoras en la direcci\u00f3n y el codo para mayor seguridad, incluye un guardacadena que evita accidentes y mantiene la cadena en perfecto estado.<\/p>\n<p>Caracter\u00edsticas: <span data-contrast=\"none\">Marco en acero con caja americana, <\/span><span data-contrast=\"none\">Tenedor en acero con espigo de rosca, <\/span><span data-contrast=\"none\">Codo BMX en acero, <\/span><span data-contrast=\"none\">Direcci\u00f3n tipo BMX en acero, <\/span><span data-contrast=\"none\">Sistema de freno V\/BRAKE en resina, <\/span><span data-contrast=\"none\">Relaci\u00f3n en acero 36t, <\/span><span data-contrast=\"none\">Pi\u00f1\u00f3n marr\u00f3n 18t, <\/span><span data-contrast=\"none\">Manzana en acero, <\/span><span data-contrast=\"none\">Aros en acero, Llantas 20&#215;2.125, <\/span><span data-contrast=\"none\">Pedales en resina<\/span><span data-ccp-props=\"{&quot;134233117&quot;:false,&quot;134233118&quot;:false,&quot;201341983&quot;:0,&quot;335559738&quot;:0,&quot;335559739&quot;:160,&quot;335559740&quot;:257}\">\u00a0<\/span><\/p>\n<p>Edad: 6+<\/p>\n","protected":false},"excerpt":{"rendered":"<p>Bicicleta infantil shadow GW rin 20, con paral central, guardabarros, espumas protectoras direcci\u00f3n y codo, guardacadena, dise\u00f1ada para ofrecer la m\u00e1xima seguridad y comodidad, esta bicicleta cuenta con un paral central\u00a0que facilita el estacionamiento,\u00a0guardabarros\u00a0que protegen contra el barro y la suciedad, y\u00a0espumas protectoras en la direcci\u00f3n y el codo para mayor seguridad, incluye un guardacadena [&hellip;]<\/p>\n","protected":false},"featured_media":239143,"template":"","meta":{"_et_pb_use_builder":"","_et_pb_old_content":"","_et_gb_content_width":""},"product_brand":[],"product_cat":[64],"product_tag":[],"class_list":{"0":"post-239142","1":"product","2":"type-product","3":"status-publish","4":"has-post-thumbnail","6":"product_cat-bicicletas-infantiles","8":"first","9":"outofstock","10":"taxable","11":"shipping-taxable","12":"purchasable","13":"product-type-simple"},"_links":{"self":[{"href":"https:\/\/www.almacenflotablanca.com\/web\/wp-json\/wp\/v2\/product\/239142","targetHints":{"allow":["GET"]}}],"collection":[{"href":"https:\/\/www.almacenflotablanca.com\/web\/wp-json\/wp\/v2\/product"}],"about":[{"href":"https:\/\/www.almacenflotablanca.com\/web\/wp-json\/wp\/v2\/types\/product"}],"wp:featuredmedia":[{"embeddable":true,"href":"https:\/\/www.almacenflotablanca.com\/web\/wp-json\/wp\/v2\/media\/239143"}],"wp:attachment":[{"href":"https:\/\/www.almacenflotablanca.com\/web\/wp-json\/wp\/v2\/media?parent=239142"}],"wp:term":[{"taxonomy":"product_brand","embeddable":true,"href":"https:\/\/www.almacenflotablanca.com\/web\/wp-json\/wp\/v2\/product_brand?post=239142"},{"taxonomy":"product_cat","embeddable":true,"href":"https:\/\/www.almacenflotablanca.com\/web\/wp-json\/wp\/v2\/product_cat?post=239142"},{"taxonomy":"product_tag","embeddable":true,"href":"https:\/\/www.almacenflotablanca.com\/web\/wp-json\/wp\/v2\/product_tag?post=239142"}],"curies":[{"name":"wp","href":"https:\/\/api.w.org\/{rel}","templated":true}]}}