{"id":239170,"date":"2025-01-30T15:18:46","date_gmt":"2025-01-30T20:18:46","guid":{"rendered":"https:\/\/www.almacenflotablanca.com\/web\/?post_type=product&#038;p=239170"},"modified":"2026-04-15T16:10:55","modified_gmt":"2026-04-15T21:10:55","slug":"banco-de-ejercicios-p-pesas-wt-308","status":"publish","type":"product","link":"https:\/\/www.almacenflotablanca.com\/web\/producto\/banco-de-ejercicios-p-pesas-wt-308\/","title":{"rendered":"BANCO DE EJERCICIOS P\/PESAS WT-308"},"content":{"rendered":"<p>Su estructura en acero garantiza durabilidad y estabilidad, mientras que la pintura electrost\u00e1tica proporciona una protecci\u00f3n adicional contra el desgaste. La cojiner\u00eda indeformable en espuma cassata y cuero sint\u00e9tico asegura comodidad y resistencia durante tus sesiones de ejercicio, este banco es plegable para un f\u00e1cil almacenamiento y cuenta con 3 posiciones de ajuste en el espaldar, permiti\u00e9ndote personalizar tu entrenamiento. Incluye un soporte de discos est\u00e1ndar de 1&#8243; para trabajos con carga y un soporte fijo para barras, ofreciendo versatilidad en tus rutinas.<\/p>\n<p>Ejercicios:<\/p>\n<ul>\n<li>Pecho plano e inclinado<\/li>\n<li>Extensi\u00f3n de pierna sentado<\/li>\n<li>Flexi\u00f3n de pierna acostado<\/li>\n<li>B\u00edceps mariposa<\/li>\n<\/ul>\n<p>Con una\u00a0capacidad m\u00e1xima de carga de 120 kg\u00a0(incluyendo el peso del usuario), este banco es robusto y seguro. Sus medidas son:\u00a0Profundidad: 156,5 cm, Ancho: 123 cm, Alto: 116 cm. (Barra y discos no incluidos).<\/p>\n<p>Uso dom\u00e9stico. REQUIERE ENSAMBLE.<\/p>\n","protected":false},"excerpt":{"rendered":"<p>Su estructura en acero garantiza durabilidad y estabilidad, mientras que la pintura electrost\u00e1tica proporciona una protecci\u00f3n adicional contra el desgaste. La cojiner\u00eda indeformable en espuma cassata y cuero sint\u00e9tico asegura comodidad y resistencia durante tus sesiones de ejercicio, este banco es plegable para un f\u00e1cil almacenamiento y cuenta con 3 posiciones de ajuste en el [&hellip;]<\/p>\n","protected":false},"featured_media":239171,"template":"","meta":{"_et_pb_use_builder":"","_et_pb_old_content":"","_et_gb_content_width":""},"product_brand":[],"product_cat":[163],"product_tag":[],"class_list":{"0":"post-239170","1":"product","2":"type-product","3":"status-publish","4":"has-post-thumbnail","6":"product_cat-bancos","8":"first","9":"instock","10":"taxable","11":"shipping-taxable","12":"purchasable","13":"product-type-simple"},"_links":{"self":[{"href":"https:\/\/www.almacenflotablanca.com\/web\/wp-json\/wp\/v2\/product\/239170","targetHints":{"allow":["GET"]}}],"collection":[{"href":"https:\/\/www.almacenflotablanca.com\/web\/wp-json\/wp\/v2\/product"}],"about":[{"href":"https:\/\/www.almacenflotablanca.com\/web\/wp-json\/wp\/v2\/types\/product"}],"wp:featuredmedia":[{"embeddable":true,"href":"https:\/\/www.almacenflotablanca.com\/web\/wp-json\/wp\/v2\/media\/239171"}],"wp:attachment":[{"href":"https:\/\/www.almacenflotablanca.com\/web\/wp-json\/wp\/v2\/media?parent=239170"}],"wp:term":[{"taxonomy":"product_brand","embeddable":true,"href":"https:\/\/www.almacenflotablanca.com\/web\/wp-json\/wp\/v2\/product_brand?post=239170"},{"taxonomy":"product_cat","embeddable":true,"href":"https:\/\/www.almacenflotablanca.com\/web\/wp-json\/wp\/v2\/product_cat?post=239170"},{"taxonomy":"product_tag","embeddable":true,"href":"https:\/\/www.almacenflotablanca.com\/web\/wp-json\/wp\/v2\/product_tag?post=239170"}],"curies":[{"name":"wp","href":"https:\/\/api.w.org\/{rel}","templated":true}]}}