{"id":239182,"date":"2025-02-01T10:41:36","date_gmt":"2025-02-01T15:41:36","guid":{"rendered":"https:\/\/www.almacenflotablanca.com\/web\/?post_type=product&#038;p=239182"},"modified":"2026-04-15T16:10:49","modified_gmt":"2026-04-15T21:10:49","slug":"bicicleta-gw-siren-rin-16-nina-azul-fucsia","status":"publish","type":"product","link":"https:\/\/www.almacenflotablanca.com\/web\/producto\/bicicleta-gw-siren-rin-16-nina-azul-fucsia\/","title":{"rendered":"BICICLETA GW SIREN RIN 16 NI\u00d1A AZUL\/FUCSIA"},"content":{"rendered":"<p>La\u00a0Bicicleta Infantil Siren GW Rin 16\u00a0 ideal para las peque\u00f1as ciclistas de entre 3 y 5 a\u00f1os. Dise\u00f1ada para ofrecer seguridad y diversi\u00f3n, esta bicicleta incluye ruedas auxiliares\u00a0que ayudan a los ni\u00f1os a mantener el equilibrio mientras aprenden a montar. Los\u00a0guardabarros protegen contra el barro y la suciedad, manteniendo la bicicleta limpia y en buen estado y para mayor seguridad, la bicicleta cuenta con un guardacadena\u00a0que evita accidentes y protege la cadena. Adem\u00e1s, incluye una\u00a0canasta\u00a0para llevar sus juguetes favoritos, un\u00a0timbre\u00a0para anunciar su presencia y una\u00a0parrilla acolchada\u00a0para mayor comodidad.<\/p>\n<p>Caracter\u00edsticas:<\/p>\n<ul>\n<li>Marco en acero con caja americana<\/li>\n<li>Tenedor en acero con espigo de rosca<\/li>\n<li>Codo en acero<\/li>\n<li>Direcci\u00f3n tipo playera en acero<\/li>\n<li>Sistema de freno V\/BRAKE en resina<\/li>\n<li>Relaci\u00f3n en acero 28t<\/li>\n<li>Pi\u00f1\u00f3n marr\u00f3n 18t<\/li>\n<li>Manzana en acero<\/li>\n<li>Aros en acero, Llantas 16&#215;2.125<\/li>\n<li>Pedales en resina<\/li>\n<\/ul>\n","protected":false},"excerpt":{"rendered":"<p>La\u00a0Bicicleta Infantil Siren GW Rin 16\u00a0 ideal para las peque\u00f1as ciclistas de entre 3 y 5 a\u00f1os. Dise\u00f1ada para ofrecer seguridad y diversi\u00f3n, esta bicicleta incluye ruedas auxiliares\u00a0que ayudan a los ni\u00f1os a mantener el equilibrio mientras aprenden a montar. Los\u00a0guardabarros protegen contra el barro y la suciedad, manteniendo la bicicleta limpia y en buen [&hellip;]<\/p>\n","protected":false},"featured_media":239183,"template":"","meta":{"_et_pb_use_builder":"","_et_pb_old_content":"","_et_gb_content_width":""},"product_brand":[],"product_cat":[64],"product_tag":[],"class_list":{"0":"post-239182","1":"product","2":"type-product","3":"status-publish","4":"has-post-thumbnail","6":"product_cat-bicicletas-infantiles","8":"first","9":"instock","10":"taxable","11":"shipping-taxable","12":"purchasable","13":"product-type-simple"},"_links":{"self":[{"href":"https:\/\/www.almacenflotablanca.com\/web\/wp-json\/wp\/v2\/product\/239182","targetHints":{"allow":["GET"]}}],"collection":[{"href":"https:\/\/www.almacenflotablanca.com\/web\/wp-json\/wp\/v2\/product"}],"about":[{"href":"https:\/\/www.almacenflotablanca.com\/web\/wp-json\/wp\/v2\/types\/product"}],"wp:featuredmedia":[{"embeddable":true,"href":"https:\/\/www.almacenflotablanca.com\/web\/wp-json\/wp\/v2\/media\/239183"}],"wp:attachment":[{"href":"https:\/\/www.almacenflotablanca.com\/web\/wp-json\/wp\/v2\/media?parent=239182"}],"wp:term":[{"taxonomy":"product_brand","embeddable":true,"href":"https:\/\/www.almacenflotablanca.com\/web\/wp-json\/wp\/v2\/product_brand?post=239182"},{"taxonomy":"product_cat","embeddable":true,"href":"https:\/\/www.almacenflotablanca.com\/web\/wp-json\/wp\/v2\/product_cat?post=239182"},{"taxonomy":"product_tag","embeddable":true,"href":"https:\/\/www.almacenflotablanca.com\/web\/wp-json\/wp\/v2\/product_tag?post=239182"}],"curies":[{"name":"wp","href":"https:\/\/api.w.org\/{rel}","templated":true}]}}