{"id":239203,"date":"2025-02-04T17:23:49","date_gmt":"2025-02-04T22:23:49","guid":{"rendered":"https:\/\/www.almacenflotablanca.com\/web\/?post_type=product&#038;p=239203"},"modified":"2026-04-15T16:11:35","modified_gmt":"2026-04-15T21:11:35","slug":"triciclo-brose-ebaby-rosado","status":"publish","type":"product","link":"https:\/\/www.almacenflotablanca.com\/web\/producto\/triciclo-brose-ebaby-rosado\/","title":{"rendered":"TRICICLO BROSE EBABY ROSADO"},"content":{"rendered":"<p>Triciclo para ni\u00f1a, palanca gu\u00eda y de impulso, llantas en eva, llantas traseras con bloqueo, silla forrada, cintur\u00f3n de seguridad, reposapi\u00e9s, porta bid\u00f3n, luces y sonidos,<\/p>\n<p>Edad recomendada 1\/3 a\u00f1os<\/p>\n","protected":false},"excerpt":{"rendered":"<p>Triciclo para ni\u00f1a, palanca gu\u00eda y de impulso, llantas en eva, llantas traseras con bloqueo, silla forrada, cintur\u00f3n de seguridad, reposapi\u00e9s, porta bid\u00f3n, luces y sonidos, Edad recomendada 1\/3 a\u00f1os<\/p>\n","protected":false},"featured_media":239204,"template":"","meta":{"_et_pb_use_builder":"","_et_pb_old_content":"","_et_gb_content_width":""},"product_brand":[],"product_cat":[97],"product_tag":[],"class_list":{"0":"post-239203","1":"product","2":"type-product","3":"status-publish","4":"has-post-thumbnail","6":"product_cat-triciclos","8":"first","9":"instock","10":"taxable","11":"shipping-taxable","12":"purchasable","13":"product-type-simple"},"_links":{"self":[{"href":"https:\/\/www.almacenflotablanca.com\/web\/wp-json\/wp\/v2\/product\/239203","targetHints":{"allow":["GET"]}}],"collection":[{"href":"https:\/\/www.almacenflotablanca.com\/web\/wp-json\/wp\/v2\/product"}],"about":[{"href":"https:\/\/www.almacenflotablanca.com\/web\/wp-json\/wp\/v2\/types\/product"}],"wp:featuredmedia":[{"embeddable":true,"href":"https:\/\/www.almacenflotablanca.com\/web\/wp-json\/wp\/v2\/media\/239204"}],"wp:attachment":[{"href":"https:\/\/www.almacenflotablanca.com\/web\/wp-json\/wp\/v2\/media?parent=239203"}],"wp:term":[{"taxonomy":"product_brand","embeddable":true,"href":"https:\/\/www.almacenflotablanca.com\/web\/wp-json\/wp\/v2\/product_brand?post=239203"},{"taxonomy":"product_cat","embeddable":true,"href":"https:\/\/www.almacenflotablanca.com\/web\/wp-json\/wp\/v2\/product_cat?post=239203"},{"taxonomy":"product_tag","embeddable":true,"href":"https:\/\/www.almacenflotablanca.com\/web\/wp-json\/wp\/v2\/product_tag?post=239203"}],"curies":[{"name":"wp","href":"https:\/\/api.w.org\/{rel}","templated":true}]}}