{"id":318,"date":"2019-07-13T16:42:20","date_gmt":"2019-07-13T21:42:20","guid":{"rendered":"https:\/\/www.almacenflotablanca.com\/web\/?post_type=product&#038;p=318"},"modified":"2026-04-15T16:10:59","modified_gmt":"2026-04-15T21:10:59","slug":"bicicleta-eliptica-con-balinera-sport-fitness-wt8-2sgast-gris","status":"publish","type":"product","link":"https:\/\/www.almacenflotablanca.com\/web\/producto\/bicicleta-eliptica-con-balinera-sport-fitness-wt8-2sgast-gris\/","title":{"rendered":"Bicicleta El\u00edptica Con Balinera Sport Fitness WT8.2SGAST Gris"},"content":{"rendered":"<p>Con esta sola m\u00e1quina podr\u00e1s entrenar pr\u00e1cticamente todo tu cuerpo gracias a que cuenta con:<\/p>\n<p>4 mancuernas para tonificar brazos, espalda, hombros y pecho.<br \/>\nTwist para alcanzar una cintura de revista.<br \/>\nEscalador para entrenar piernas y gl\u00fateos.<br \/>\nBanda el\u00e1stica para disminuir lesiones y entrenar todos los grupos musculares.<br \/>\nEst\u00e1tica para eliminar celulitis y tonificar el tren inferior.<br \/>\nEl\u00edptica para tonificar piernas y brazos evitando problemas en las articulaciones.<\/p>\n<p>El computador de la El\u00edptica Balinera te brinda la informaci\u00f3n necesaria para monitorear la rutina. Por ejemplo, tiempo entrenado, Velocidad, Distancia recorrida, Calor\u00edas quemadas y Ritmo card\u00edaco.<\/p>\n","protected":false},"excerpt":{"rendered":"<p>Con esta sola m\u00e1quina podr\u00e1s entrenar pr\u00e1cticamente todo tu cuerpo gracias a que cuenta con: 4 mancuernas para tonificar brazos, espalda, hombros y pecho. Twist para alcanzar una cintura de revista. Escalador para entrenar piernas y gl\u00fateos. Banda el\u00e1stica para disminuir lesiones y entrenar todos los grupos musculares. Est\u00e1tica para eliminar celulitis y tonificar el [&hellip;]<\/p>\n","protected":false},"featured_media":233521,"template":"","meta":{"_et_pb_use_builder":"","_et_pb_old_content":"","_et_gb_content_width":""},"product_brand":[],"product_cat":[58],"product_tag":[],"class_list":{"0":"post-318","1":"product","2":"type-product","3":"status-publish","4":"has-post-thumbnail","6":"product_cat-elipticas","8":"first","9":"instock","10":"taxable","11":"shipping-taxable","12":"purchasable","13":"product-type-simple"},"_links":{"self":[{"href":"https:\/\/www.almacenflotablanca.com\/web\/wp-json\/wp\/v2\/product\/318","targetHints":{"allow":["GET"]}}],"collection":[{"href":"https:\/\/www.almacenflotablanca.com\/web\/wp-json\/wp\/v2\/product"}],"about":[{"href":"https:\/\/www.almacenflotablanca.com\/web\/wp-json\/wp\/v2\/types\/product"}],"wp:featuredmedia":[{"embeddable":true,"href":"https:\/\/www.almacenflotablanca.com\/web\/wp-json\/wp\/v2\/media\/233521"}],"wp:attachment":[{"href":"https:\/\/www.almacenflotablanca.com\/web\/wp-json\/wp\/v2\/media?parent=318"}],"wp:term":[{"taxonomy":"product_brand","embeddable":true,"href":"https:\/\/www.almacenflotablanca.com\/web\/wp-json\/wp\/v2\/product_brand?post=318"},{"taxonomy":"product_cat","embeddable":true,"href":"https:\/\/www.almacenflotablanca.com\/web\/wp-json\/wp\/v2\/product_cat?post=318"},{"taxonomy":"product_tag","embeddable":true,"href":"https:\/\/www.almacenflotablanca.com\/web\/wp-json\/wp\/v2\/product_tag?post=318"}],"curies":[{"name":"wp","href":"https:\/\/api.w.org\/{rel}","templated":true}]}}