{"id":324,"date":"2019-07-13T22:37:13","date_gmt":"2019-07-14T03:37:13","guid":{"rendered":"https:\/\/www.almacenflotablanca.com\/web\/?post_type=product&#038;p=324"},"modified":"2026-04-15T16:11:48","modified_gmt":"2026-04-15T21:11:48","slug":"patines-canariam-speed-bolt-negro","status":"publish","type":"product","link":"https:\/\/www.almacenflotablanca.com\/web\/producto\/patines-canariam-speed-bolt-negro\/","title":{"rendered":"Patines Canariam Speed Bolt-Negro"},"content":{"rendered":"<p>Elaborado pensando en la comodidad para los principiantes del deporte, este pat\u00edn es\u00a0ajustable por tallas, seg\u00fan necesidad, es un pat\u00edn recreativo de bota alta. Se recomienda tomar clases para su correcto uso, el menor de edad debe estar acompa\u00f1ado de un adulto responsable.<br \/>\nEste producto se vende armado, su uso es para\u00a0aprendizaje b\u00e1sico recreativo, por la contextura del pat\u00edn no es apto para realizar saltos o maniobras extremas, debe utilizarse para el desplazamiento. Por ser un producto armado desde fabrica se recomienda antes de usarlo que se revise que las piezas est\u00e9n totalmente adheridas y ajustadas (torniller\u00eda)<\/p>\n<p>Disfruta de un pat\u00edn con el respaldo marca Canariam.<br \/>\nUso recreativo &#8211; bota en pasta PVC.<br \/>\nAcolchado en espuma.<br \/>\nCorrea en pasta.<br \/>\nBuje de ajuste de talla podr\u00e1s disfrutar de este pat\u00edn en cualquier pista (no es de uso agresivo).<\/p>\n","protected":false},"excerpt":{"rendered":"<p>Elaborado pensando en la comodidad para los principiantes del deporte, este pat\u00edn es\u00a0ajustable por tallas, seg\u00fan necesidad, es un pat\u00edn recreativo de bota alta. Se recomienda tomar clases para su correcto uso, el menor de edad debe estar acompa\u00f1ado de un adulto responsable. Este producto se vende armado, su uso es para\u00a0aprendizaje b\u00e1sico recreativo, por [&hellip;]<\/p>\n","protected":false},"featured_media":233490,"template":"","meta":{"_et_pb_use_builder":"","_et_pb_old_content":"","_et_gb_content_width":""},"product_brand":[],"product_cat":[57],"product_tag":[],"class_list":{"0":"post-324","1":"product","2":"type-product","3":"status-publish","4":"has-post-thumbnail","6":"product_cat-patines","8":"first","9":"outofstock","10":"taxable","11":"shipping-taxable","12":"purchasable","13":"product-type-simple"},"_links":{"self":[{"href":"https:\/\/www.almacenflotablanca.com\/web\/wp-json\/wp\/v2\/product\/324","targetHints":{"allow":["GET"]}}],"collection":[{"href":"https:\/\/www.almacenflotablanca.com\/web\/wp-json\/wp\/v2\/product"}],"about":[{"href":"https:\/\/www.almacenflotablanca.com\/web\/wp-json\/wp\/v2\/types\/product"}],"wp:featuredmedia":[{"embeddable":true,"href":"https:\/\/www.almacenflotablanca.com\/web\/wp-json\/wp\/v2\/media\/233490"}],"wp:attachment":[{"href":"https:\/\/www.almacenflotablanca.com\/web\/wp-json\/wp\/v2\/media?parent=324"}],"wp:term":[{"taxonomy":"product_brand","embeddable":true,"href":"https:\/\/www.almacenflotablanca.com\/web\/wp-json\/wp\/v2\/product_brand?post=324"},{"taxonomy":"product_cat","embeddable":true,"href":"https:\/\/www.almacenflotablanca.com\/web\/wp-json\/wp\/v2\/product_cat?post=324"},{"taxonomy":"product_tag","embeddable":true,"href":"https:\/\/www.almacenflotablanca.com\/web\/wp-json\/wp\/v2\/product_tag?post=324"}],"curies":[{"name":"wp","href":"https:\/\/api.w.org\/{rel}","templated":true}]}}