{"id":332,"date":"2019-07-14T01:26:47","date_gmt":"2019-07-14T06:26:47","guid":{"rendered":"https:\/\/www.almacenflotablanca.com\/web\/?post_type=product&#038;p=332"},"modified":"2026-04-15T16:10:42","modified_gmt":"2026-04-15T21:10:42","slug":"eliptica-magnetica-super-combo-sport-fitness-wt-6-3hast-gris-con-azul","status":"publish","type":"product","link":"https:\/\/www.almacenflotablanca.com\/web\/producto\/eliptica-magnetica-super-combo-sport-fitness-wt-6-3hast-gris-con-azul\/","title":{"rendered":"El\u00edptica Magn\u00e9tica Super Combo Sport Fitness Gris"},"content":{"rendered":"<p>El\u00edptica Magn\u00e9tica Super Combo Sport Fitness Gris, cuida tu coraz\u00f3n y pulmones gracias a la El\u00edptica S\u00faper Combo Magn\u00e9tica de Sport Fitness. Al ser un ejercicio cardiovascular te permite tonificar y quemar calor\u00edas simult\u00e1neamente. Es muy completo al incluir su movimiento dual de brazos y piernas, un twister para una cintura de ensue\u00f1o y un escalador para trabajar el tren inferior. Puedes entrenar con la intensidad que tu cuerpo te lo permita, ya que permite graduar el esfuerzo de pedaleo.<\/p>\n<p>La estructura de la El\u00edptica S\u00faper Combo Magn\u00e9tica de sport Fitness es en acero, su carcasa es pl\u00e1stica y su pintura electrost\u00e1tica es de larga duraci\u00f3n. Cuenta con un monitor digital que brinda toda la informaci\u00f3n que necesitas para monitorear tu entrenamiento. Por ejemplo, Velocidad, Distancia recorrida, Tiempo entrenado, Quema de\u00a0Calor\u00edas, Pulsaciones.<\/p>\n","protected":false},"excerpt":{"rendered":"<p>&#8211; Su estructura en acero<br \/>\n&#8211; Sistema: Magn\u00e9tico<br \/>\n&#8211; Su biela es de 15 cms<br \/>\n&#8211; El peso m\u00e1ximo del usuario debe ser 100 Kg<br \/>\n&#8211; Uso: Hogar, Institucional<\/p>\n","protected":false},"featured_media":233505,"template":"","meta":{"_et_pb_use_builder":"","_et_pb_old_content":"","_et_gb_content_width":""},"product_brand":[],"product_cat":[58],"product_tag":[],"class_list":{"0":"post-332","1":"product","2":"type-product","3":"status-publish","4":"has-post-thumbnail","6":"product_cat-elipticas","8":"first","9":"instock","10":"taxable","11":"shipping-taxable","12":"purchasable","13":"product-type-simple"},"_links":{"self":[{"href":"https:\/\/www.almacenflotablanca.com\/web\/wp-json\/wp\/v2\/product\/332","targetHints":{"allow":["GET"]}}],"collection":[{"href":"https:\/\/www.almacenflotablanca.com\/web\/wp-json\/wp\/v2\/product"}],"about":[{"href":"https:\/\/www.almacenflotablanca.com\/web\/wp-json\/wp\/v2\/types\/product"}],"wp:featuredmedia":[{"embeddable":true,"href":"https:\/\/www.almacenflotablanca.com\/web\/wp-json\/wp\/v2\/media\/233505"}],"wp:attachment":[{"href":"https:\/\/www.almacenflotablanca.com\/web\/wp-json\/wp\/v2\/media?parent=332"}],"wp:term":[{"taxonomy":"product_brand","embeddable":true,"href":"https:\/\/www.almacenflotablanca.com\/web\/wp-json\/wp\/v2\/product_brand?post=332"},{"taxonomy":"product_cat","embeddable":true,"href":"https:\/\/www.almacenflotablanca.com\/web\/wp-json\/wp\/v2\/product_cat?post=332"},{"taxonomy":"product_tag","embeddable":true,"href":"https:\/\/www.almacenflotablanca.com\/web\/wp-json\/wp\/v2\/product_tag?post=332"}],"curies":[{"name":"wp","href":"https:\/\/api.w.org\/{rel}","templated":true}]}}