{"id":344,"date":"2019-07-14T12:35:47","date_gmt":"2019-07-14T17:35:47","guid":{"rendered":"https:\/\/www.almacenflotablanca.com\/web\/?post_type=product&#038;p=344"},"modified":"2026-04-15T16:10:59","modified_gmt":"2026-04-15T21:10:59","slug":"bicicleta-spinning-sport-fitness-genoa-p00103-negro","status":"publish","type":"product","link":"https:\/\/www.almacenflotablanca.com\/web\/producto\/bicicleta-spinning-sport-fitness-genoa-p00103-negro\/","title":{"rendered":"Bicicleta Spinning Sport Fitness Genoa Negro"},"content":{"rendered":"<p>Bicicleta Spinning Sport Fitness Genoa Negro. Esta bicicleta spinning Genoa de Sport Fitness es una m\u00e1quina tan espectacular que su estructura est\u00e1 hecha en hierro de alto tr\u00e1fico y su pintura electrost\u00e1tica es resistente y de larga duraci\u00f3n. Adem\u00e1s, su manubrio es antideslizante y su gal\u00e1pago es en espuma de alta densidad, permitiendo que sea m\u00e1s c\u00f3modo entrenar. Es perfecta para entrenar desde casa o para el alto tr\u00e1fico de un gimnasio.<br \/>\nCuenta con 3 sistemas multi posici\u00f3n. Asimismo, para que est\u00e9s protegido en todo momento cuenta con freno de seguridad.<br \/>\nEl ciclo computador de la Genoa de Sport Fitness brinda informaci\u00f3n muy completa para monitorear tu cuerpo y tu rutina o la de tus usuarios. Por ejemplo, la velocidad, la distancia recorrida, las calor\u00edas quemadas, el tiempo de entrenamiento y el pulso.<\/p>\n","protected":false},"excerpt":{"rendered":"<p>&#8211; Material: Metal<br \/>\n&#8211; Pintura electrost\u00e1tica<br \/>\n&#8211; Peso m\u00e1ximo soportado: 120 kg<br \/>\n&#8211; Freno de seguridad<\/p>\n","protected":false},"featured_media":233475,"template":"","meta":{"_et_pb_use_builder":"","_et_pb_old_content":"","_et_gb_content_width":""},"product_brand":[],"product_cat":[62],"product_tag":[],"class_list":{"0":"post-344","1":"product","2":"type-product","3":"status-publish","4":"has-post-thumbnail","6":"product_cat-bicicletas-spinning","8":"first","9":"instock","10":"taxable","11":"shipping-taxable","12":"purchasable","13":"product-type-simple"},"_links":{"self":[{"href":"https:\/\/www.almacenflotablanca.com\/web\/wp-json\/wp\/v2\/product\/344","targetHints":{"allow":["GET"]}}],"collection":[{"href":"https:\/\/www.almacenflotablanca.com\/web\/wp-json\/wp\/v2\/product"}],"about":[{"href":"https:\/\/www.almacenflotablanca.com\/web\/wp-json\/wp\/v2\/types\/product"}],"wp:featuredmedia":[{"embeddable":true,"href":"https:\/\/www.almacenflotablanca.com\/web\/wp-json\/wp\/v2\/media\/233475"}],"wp:attachment":[{"href":"https:\/\/www.almacenflotablanca.com\/web\/wp-json\/wp\/v2\/media?parent=344"}],"wp:term":[{"taxonomy":"product_brand","embeddable":true,"href":"https:\/\/www.almacenflotablanca.com\/web\/wp-json\/wp\/v2\/product_brand?post=344"},{"taxonomy":"product_cat","embeddable":true,"href":"https:\/\/www.almacenflotablanca.com\/web\/wp-json\/wp\/v2\/product_cat?post=344"},{"taxonomy":"product_tag","embeddable":true,"href":"https:\/\/www.almacenflotablanca.com\/web\/wp-json\/wp\/v2\/product_tag?post=344"}],"curies":[{"name":"wp","href":"https:\/\/api.w.org\/{rel}","templated":true}]}}