{"id":363,"date":"2019-07-14T22:53:16","date_gmt":"2019-07-15T03:53:16","guid":{"rendered":"https:\/\/www.almacenflotablanca.com\/web\/?post_type=product&#038;p=363"},"modified":"2026-04-15T16:11:14","modified_gmt":"2026-04-15T21:11:14","slug":"banda-trotadora-sport-fitness-mets-js5000-b1-negro","status":"publish","type":"product","link":"https:\/\/www.almacenflotablanca.com\/web\/producto\/banda-trotadora-sport-fitness-mets-js5000-b1-negro\/","title":{"rendered":"Banda Trotadora Sport Fitness Mets JS5000 B1 Negro"},"content":{"rendered":"<p>La BANDA TROTADORA METS es plegable lo que le ahorra un espacio al cerrarla, la pintura es electrost\u00e1tica evitando las molestas descargas de Electricidad est\u00e1tica, el motor es de DC 3HP, la inclinaci\u00f3n es 0 hasta m\u00e1ximo 20% simulando una pendiente lo cual genera mucho m\u00e1s esfuerzo al trotar o al caminar encima de ella, la velocidad va de 1 kil\u00f3metros por hora y va incrementando hasta llegar a \u00a020 Km\/h en donde a partir de 9 km\/h ya se estar\u00eda generando un trote, la pantalla es LCD donde puede visualizar la velocidad en la que va trotando o caminado seg\u00fan se programe, la distancia que ha recorrido mientras hace el ejercicio, el tiempo que lleva, las calor\u00edas que ha eliminado y adem\u00e1s tiene unos censores en los soportes laterales que le muestra el ritmo card\u00edaco, un promedio de pulsaciones por minuto.<br \/>\nEsta banda trotadora tiene 27 programas preestablecidos con rutinas que van desde la m\u00e1s suave hasta la m\u00e1s exigente, logrando quemar muchas m\u00e1s calor\u00edas, contiene 2 altavoces incorporados con lo cual puede conectar el Mp3 o el celular y el peso m\u00e1ximo de usuario de esta banda trotadora es de 120 Kg.<br \/>\n\u00c1rea \u00fatil que tiene en largo es de 140 Cm, ancho 50 Cm<br \/>\nMedidas en total de la banda trotadora Mets son de largo 203 cm, Alto 135 cm, Ancho 85 cm y la conexi\u00f3n va a110 voltios.<\/p>\n","protected":false},"excerpt":{"rendered":"<p>La BANDA TROTADORA METS es plegable lo que le ahorra un espacio al cerrarla, la pintura es electrost\u00e1tica evitando las molestas descargas de Electricidad est\u00e1tica, el motor es de DC 3HP, la inclinaci\u00f3n es 0 hasta m\u00e1ximo 20% simulando una pendiente lo cual genera mucho m\u00e1s esfuerzo al trotar o al caminar encima de ella, [&hellip;]<\/p>\n","protected":false},"featured_media":233516,"template":"","meta":{"_et_pb_use_builder":"","_et_pb_old_content":"","_et_gb_content_width":""},"product_brand":[],"product_cat":[17],"product_tag":[],"class_list":{"0":"post-363","1":"product","2":"type-product","3":"status-publish","4":"has-post-thumbnail","6":"product_cat-caminadoras","8":"first","9":"instock","10":"taxable","11":"shipping-taxable","12":"purchasable","13":"product-type-simple"},"_links":{"self":[{"href":"https:\/\/www.almacenflotablanca.com\/web\/wp-json\/wp\/v2\/product\/363","targetHints":{"allow":["GET"]}}],"collection":[{"href":"https:\/\/www.almacenflotablanca.com\/web\/wp-json\/wp\/v2\/product"}],"about":[{"href":"https:\/\/www.almacenflotablanca.com\/web\/wp-json\/wp\/v2\/types\/product"}],"wp:featuredmedia":[{"embeddable":true,"href":"https:\/\/www.almacenflotablanca.com\/web\/wp-json\/wp\/v2\/media\/233516"}],"wp:attachment":[{"href":"https:\/\/www.almacenflotablanca.com\/web\/wp-json\/wp\/v2\/media?parent=363"}],"wp:term":[{"taxonomy":"product_brand","embeddable":true,"href":"https:\/\/www.almacenflotablanca.com\/web\/wp-json\/wp\/v2\/product_brand?post=363"},{"taxonomy":"product_cat","embeddable":true,"href":"https:\/\/www.almacenflotablanca.com\/web\/wp-json\/wp\/v2\/product_cat?post=363"},{"taxonomy":"product_tag","embeddable":true,"href":"https:\/\/www.almacenflotablanca.com\/web\/wp-json\/wp\/v2\/product_tag?post=363"}],"curies":[{"name":"wp","href":"https:\/\/api.w.org\/{rel}","templated":true}]}}