{"id":408,"date":"2019-08-14T16:56:11","date_gmt":"2019-08-14T21:56:11","guid":{"rendered":"https:\/\/www.almacenflotablanca.com\/web\/?post_type=product&#038;p=408"},"modified":"2026-04-15T16:10:47","modified_gmt":"2026-04-15T21:10:47","slug":"bicicleta-infantil-nina-gw-r-16-candy-rosada","status":"publish","type":"product","link":"https:\/\/www.almacenflotablanca.com\/web\/producto\/bicicleta-infantil-nina-gw-r-16-candy-rosada\/","title":{"rendered":"Bicicleta Infantil Ni\u00f1a Rin 16 Gw Rosada"},"content":{"rendered":"<p>Bicicleta Infantil Ni\u00f1a Rin 16 Gw Rosada, la Bicicleta de la marca GW modelo\u00a0Candy\u00a0 est\u00e1 dise\u00f1ada para las ni\u00f1as en etapa de aprendizaje, gracias a sus ruedas auxiliares permite un equilibrio balanceado. Nuestras bicicletas cuentan con componentes de excelente calidad, los cuales te brindaran la confianza y seguridad que necesitas, Mu\u00e9vete por donde quieras, por nuestras hermosas monta\u00f1as o por la ciudad, usa tu bicicleta para disfrutar de un d\u00eda de paseo por zonas rurales o para que vayas a tu trabajo, estudio o para que simplemente te diviertas.<\/p>\n<p>Adem\u00e1s, nuestras bicicletas proporcionan la resistencia que siempre has buscado en una bici, permiti\u00e9ndote recorrer cortas o largas distancias, As\u00ed que aprovecha esta oportunidad y ll\u00e9vate esta excelente bicicleta fabricada y ensamblada especialmente para ti.<\/p>\n","protected":false},"excerpt":{"rendered":"<p>&#8211; Material en acero<br \/>\n&#8211; Canasta Met\u00e1lica<br \/>\n&#8211; Ruedas Auxiliares<br \/>\n&#8211; Edad: desde los 4 a\u00f1os hasta 6 a\u00f1os<\/p>\n","protected":false},"featured_media":233465,"template":"","meta":{"_et_pb_use_builder":"","_et_pb_old_content":"","_et_gb_content_width":""},"product_brand":[],"product_cat":[64],"product_tag":[],"class_list":{"0":"post-408","1":"product","2":"type-product","3":"status-publish","4":"has-post-thumbnail","6":"product_cat-bicicletas-infantiles","8":"first","9":"outofstock","10":"taxable","11":"shipping-taxable","12":"purchasable","13":"product-type-simple"},"_links":{"self":[{"href":"https:\/\/www.almacenflotablanca.com\/web\/wp-json\/wp\/v2\/product\/408","targetHints":{"allow":["GET"]}}],"collection":[{"href":"https:\/\/www.almacenflotablanca.com\/web\/wp-json\/wp\/v2\/product"}],"about":[{"href":"https:\/\/www.almacenflotablanca.com\/web\/wp-json\/wp\/v2\/types\/product"}],"wp:featuredmedia":[{"embeddable":true,"href":"https:\/\/www.almacenflotablanca.com\/web\/wp-json\/wp\/v2\/media\/233465"}],"wp:attachment":[{"href":"https:\/\/www.almacenflotablanca.com\/web\/wp-json\/wp\/v2\/media?parent=408"}],"wp:term":[{"taxonomy":"product_brand","embeddable":true,"href":"https:\/\/www.almacenflotablanca.com\/web\/wp-json\/wp\/v2\/product_brand?post=408"},{"taxonomy":"product_cat","embeddable":true,"href":"https:\/\/www.almacenflotablanca.com\/web\/wp-json\/wp\/v2\/product_cat?post=408"},{"taxonomy":"product_tag","embeddable":true,"href":"https:\/\/www.almacenflotablanca.com\/web\/wp-json\/wp\/v2\/product_tag?post=408"}],"curies":[{"name":"wp","href":"https:\/\/api.w.org\/{rel}","templated":true}]}}