{"id":442,"date":"2019-10-04T10:25:21","date_gmt":"2019-10-04T15:25:21","guid":{"rendered":"https:\/\/www.almacenflotablanca.com\/web\/?post_type=product&#038;p=442"},"modified":"2026-04-15T16:11:01","modified_gmt":"2026-04-15T21:11:01","slug":"soporte-multiple-sport-fitness-kfbh-35-negro","status":"publish","type":"product","link":"https:\/\/www.almacenflotablanca.com\/web\/producto\/soporte-multiple-sport-fitness-kfbh-35-negro\/","title":{"rendered":"Soporte M\u00faltiple Sport Fitness Negro"},"content":{"rendered":"<p>Soporte M\u00faltiple Sport Fitness Negro, su estructura es en hierro de alta resistencia. En combinaci\u00f3n con un banco de musculaci\u00f3n independiente, el soporte para barra larga se convertir\u00e1 en una estaci\u00f3n de fitness con m\u00faltiples posibilidades de entrenamiento. Ya sea press de banca con barra larga, peso muerto, sentadillas u otros ejercicios de fitness y musculaci\u00f3n: la robusta estructura de acero con recubrimiento en polvo es resistente, maciza y estable. Se puede ajustar en altura y anchura en funci\u00f3n de las necesidades y la estatura. El soporte de seguridad tiene una altura de modo que se pueden dejar las barras largas durante el entrenamiento de forma segura.<\/p>\n","protected":false},"excerpt":{"rendered":"<p>&#8211; Pintura electrost\u00e1tica<br \/>\n&#8211; (Barra y discos no incluidos)<br \/>\n&#8211; Soporte v\u00e1rios niveles para barra ol\u00edmpica \/ est\u00e2ndar<br \/>\n&#8211; Peso maximo de usuario 120KG<br \/>\n&#8211; Uso dom\u00e9stico e institucional<\/p>\n","protected":false},"featured_media":233460,"template":"","meta":{"_et_pb_use_builder":"","_et_pb_old_content":"","_et_gb_content_width":""},"product_brand":[],"product_cat":[172],"product_tag":[],"class_list":{"0":"post-442","1":"product","2":"type-product","3":"status-publish","4":"has-post-thumbnail","6":"product_cat-racks-para-barras","8":"first","9":"instock","10":"taxable","11":"shipping-taxable","12":"purchasable","13":"product-type-simple"},"_links":{"self":[{"href":"https:\/\/www.almacenflotablanca.com\/web\/wp-json\/wp\/v2\/product\/442","targetHints":{"allow":["GET"]}}],"collection":[{"href":"https:\/\/www.almacenflotablanca.com\/web\/wp-json\/wp\/v2\/product"}],"about":[{"href":"https:\/\/www.almacenflotablanca.com\/web\/wp-json\/wp\/v2\/types\/product"}],"wp:featuredmedia":[{"embeddable":true,"href":"https:\/\/www.almacenflotablanca.com\/web\/wp-json\/wp\/v2\/media\/233460"}],"wp:attachment":[{"href":"https:\/\/www.almacenflotablanca.com\/web\/wp-json\/wp\/v2\/media?parent=442"}],"wp:term":[{"taxonomy":"product_brand","embeddable":true,"href":"https:\/\/www.almacenflotablanca.com\/web\/wp-json\/wp\/v2\/product_brand?post=442"},{"taxonomy":"product_cat","embeddable":true,"href":"https:\/\/www.almacenflotablanca.com\/web\/wp-json\/wp\/v2\/product_cat?post=442"},{"taxonomy":"product_tag","embeddable":true,"href":"https:\/\/www.almacenflotablanca.com\/web\/wp-json\/wp\/v2\/product_tag?post=442"}],"curies":[{"name":"wp","href":"https:\/\/api.w.org\/{rel}","templated":true}]}}