{"id":444,"date":"2019-10-04T10:24:10","date_gmt":"2019-10-04T15:24:10","guid":{"rendered":"https:\/\/www.almacenflotablanca.com\/web\/?post_type=product&#038;p=444"},"modified":"2026-04-15T16:11:12","modified_gmt":"2026-04-15T21:11:12","slug":"colchoneta-yoga-sport-fitness-grabada-multicolor","status":"publish","type":"product","link":"https:\/\/www.almacenflotablanca.com\/web\/producto\/colchoneta-yoga-sport-fitness-grabada-multicolor\/","title":{"rendered":"Colchoneta Yoga Sport Fitness Grabada"},"content":{"rendered":"<p>Colchoneta Yoga Sport Fitness Grabada Multicolor, hecha con un material en PVC espumado, con una superficie anti- deslizante (resina sint\u00e9tica). Esta colchoneta ideal para Yoga es de peso ligero, f\u00e1cil de llevar. Ofrece la comodidad para mantener la alineaci\u00f3n correcta del cuerpo y mantener las posturas realizadas. Es multifunci\u00f3n, puedes usarlo para hacer yoga, pilates y ejercicios variados.\u00a0Con bolsa transportadora con agarradera. Tambi\u00e9n f\u00e1cil de limpiar, incl\u00fayelo en tus rutinas para mayor comodidad.<\/p>\n","protected":false},"excerpt":{"rendered":"<p>&#8211; Material en PVC espumado, con una superficie anti- deslizante (resina sint\u00e9tica).<br \/>\n&#8211; Mejora el equilibrio y la postura corporal<br \/>\n&#8211; Desarrolla motricidad de manos y brazos<br \/>\n&#8211; Uso: Institucional \u2013 Profesional \u2013 Dom\u00e9stico<br \/>\n&#8211; Colores: azul, rosado, morado<\/p>\n","protected":false},"featured_media":233501,"template":"","meta":{"_et_pb_use_builder":"","_et_pb_old_content":"","_et_gb_content_width":""},"product_brand":[],"product_cat":[142,169],"product_tag":[],"class_list":{"0":"post-444","1":"product","2":"type-product","3":"status-publish","4":"has-post-thumbnail","6":"product_cat-colchonetas","7":"product_cat-tapetes-de-yoga","9":"first","10":"instock","11":"taxable","12":"shipping-taxable","13":"purchasable","14":"product-type-simple"},"_links":{"self":[{"href":"https:\/\/www.almacenflotablanca.com\/web\/wp-json\/wp\/v2\/product\/444","targetHints":{"allow":["GET"]}}],"collection":[{"href":"https:\/\/www.almacenflotablanca.com\/web\/wp-json\/wp\/v2\/product"}],"about":[{"href":"https:\/\/www.almacenflotablanca.com\/web\/wp-json\/wp\/v2\/types\/product"}],"wp:featuredmedia":[{"embeddable":true,"href":"https:\/\/www.almacenflotablanca.com\/web\/wp-json\/wp\/v2\/media\/233501"}],"wp:attachment":[{"href":"https:\/\/www.almacenflotablanca.com\/web\/wp-json\/wp\/v2\/media?parent=444"}],"wp:term":[{"taxonomy":"product_brand","embeddable":true,"href":"https:\/\/www.almacenflotablanca.com\/web\/wp-json\/wp\/v2\/product_brand?post=444"},{"taxonomy":"product_cat","embeddable":true,"href":"https:\/\/www.almacenflotablanca.com\/web\/wp-json\/wp\/v2\/product_cat?post=444"},{"taxonomy":"product_tag","embeddable":true,"href":"https:\/\/www.almacenflotablanca.com\/web\/wp-json\/wp\/v2\/product_tag?post=444"}],"curies":[{"name":"wp","href":"https:\/\/api.w.org\/{rel}","templated":true}]}}