{"id":452,"date":"2019-10-04T10:06:14","date_gmt":"2019-10-04T15:06:14","guid":{"rendered":"https:\/\/www.almacenflotablanca.com\/web\/?post_type=product&#038;p=452"},"modified":"2026-04-15T16:10:58","modified_gmt":"2026-04-15T21:10:58","slug":"colchoneta-gim-sport-fitness-b-115-negra","status":"publish","type":"product","link":"https:\/\/www.almacenflotablanca.com\/web\/producto\/colchoneta-gim-sport-fitness-b-115-negra\/","title":{"rendered":"Colchoneta Gim Sport Fitness Negra"},"content":{"rendered":"<p>Colchoneta Gim Sport Fitness Negra elaborada con espuma prensada de alta densidad, estas colchonetas son Ideales para hacer ejercicio en interiores y exteriores, cuenta con cremallera para facilitar su limpieza. Especialmente para la pr\u00e1ctica de actividades deportivas, entrenamiento abdominal, fitness, yoga y ejercicios de recuperaci\u00f3n muscular.<\/p>\n<p>Esta colchoneta especial para la pr\u00e1ctica de yoga y pilates est\u00e1 elaborada en material impermeable, lo que permite una larga duraci\u00f3n del producto. Proporciona una superficie c\u00f3moda y firme para la realizaci\u00f3n de los ejercicios y diferentes posiciones que se adquieren en la realizaci\u00f3n de estas disciplinas, adem\u00e1s es muy ligera por lo que posibilita un traslado f\u00e1cil a cualquier sitio donde desees.<\/p>\n","protected":false},"excerpt":{"rendered":"<p>&#8211; Espuma prensada de alta densidad<br \/>\n&#8211; Mejora el equilibrio y la postura corporal<br \/>\n&#8211; Para yoga y pilates<br \/>\n&#8211; Para cualquier ejercicio<br \/>\n&#8211; Uso: Hogar, Institucional<\/p>\n","protected":false},"featured_media":233470,"template":"","meta":{"_et_pb_use_builder":"","_et_pb_old_content":"","_et_gb_content_width":""},"product_brand":[],"product_cat":[142],"product_tag":[],"class_list":{"0":"post-452","1":"product","2":"type-product","3":"status-publish","4":"has-post-thumbnail","6":"product_cat-colchonetas","8":"first","9":"instock","10":"taxable","11":"shipping-taxable","12":"purchasable","13":"product-type-simple"},"_links":{"self":[{"href":"https:\/\/www.almacenflotablanca.com\/web\/wp-json\/wp\/v2\/product\/452","targetHints":{"allow":["GET"]}}],"collection":[{"href":"https:\/\/www.almacenflotablanca.com\/web\/wp-json\/wp\/v2\/product"}],"about":[{"href":"https:\/\/www.almacenflotablanca.com\/web\/wp-json\/wp\/v2\/types\/product"}],"wp:featuredmedia":[{"embeddable":true,"href":"https:\/\/www.almacenflotablanca.com\/web\/wp-json\/wp\/v2\/media\/233470"}],"wp:attachment":[{"href":"https:\/\/www.almacenflotablanca.com\/web\/wp-json\/wp\/v2\/media?parent=452"}],"wp:term":[{"taxonomy":"product_brand","embeddable":true,"href":"https:\/\/www.almacenflotablanca.com\/web\/wp-json\/wp\/v2\/product_brand?post=452"},{"taxonomy":"product_cat","embeddable":true,"href":"https:\/\/www.almacenflotablanca.com\/web\/wp-json\/wp\/v2\/product_cat?post=452"},{"taxonomy":"product_tag","embeddable":true,"href":"https:\/\/www.almacenflotablanca.com\/web\/wp-json\/wp\/v2\/product_tag?post=452"}],"curies":[{"name":"wp","href":"https:\/\/api.w.org\/{rel}","templated":true}]}}