{"id":456,"date":"2019-10-04T10:01:16","date_gmt":"2019-10-04T15:01:16","guid":{"rendered":"https:\/\/www.almacenflotablanca.com\/web\/?post_type=product&#038;p=456"},"modified":"2026-04-15T16:11:15","modified_gmt":"2026-04-15T21:11:15","slug":"pelotas-ping-pong-sport-fitness-3-estrellas-40-mm-x-6-und-naranja","status":"publish","type":"product","link":"https:\/\/www.almacenflotablanca.com\/web\/producto\/pelotas-ping-pong-sport-fitness-3-estrellas-40-mm-x-6-und-naranja\/","title":{"rendered":"Pelotas Ping Pong Sport Fitness Naranja"},"content":{"rendered":"<p>Pelotas Ping Pong Sport Fitness Naranja, su material en pl\u00e1stico con medidas reglamentariastienen 3 estrellas (M\u00e1ximo est\u00e1ndar de calidad). M\u00e1s durabilidad y uniformidad en sus componentes, aptas para competencias profesionales. En pl\u00e1stico con medidas reglamentarias viene en colores naranja y blanco que son los autorizados por la ITTF (federaci\u00f3n internacional de tenis de mesa) y en tono mate.<\/p>\n","protected":false},"excerpt":{"rendered":"<ul>\n<li> &#8211; Medidas y color reglamentario <\/li>\n<li> &#8211; Calidad: 3 estrellas <\/li>\n<li> &#8211; Caja por 6 unidades <\/li>\n<li> &#8211; Di\u00e1metro de 40 mm <\/li>\n<\/ul>\n","protected":false},"featured_media":233468,"template":"","meta":{"_et_pb_use_builder":"","_et_pb_old_content":"","_et_gb_content_width":""},"product_brand":[],"product_cat":[79],"product_tag":[],"class_list":{"0":"post-456","1":"product","2":"type-product","3":"status-publish","4":"has-post-thumbnail","6":"product_cat-ping-pong","8":"first","9":"instock","10":"taxable","11":"shipping-taxable","12":"purchasable","13":"product-type-simple"},"_links":{"self":[{"href":"https:\/\/www.almacenflotablanca.com\/web\/wp-json\/wp\/v2\/product\/456","targetHints":{"allow":["GET"]}}],"collection":[{"href":"https:\/\/www.almacenflotablanca.com\/web\/wp-json\/wp\/v2\/product"}],"about":[{"href":"https:\/\/www.almacenflotablanca.com\/web\/wp-json\/wp\/v2\/types\/product"}],"wp:featuredmedia":[{"embeddable":true,"href":"https:\/\/www.almacenflotablanca.com\/web\/wp-json\/wp\/v2\/media\/233468"}],"wp:attachment":[{"href":"https:\/\/www.almacenflotablanca.com\/web\/wp-json\/wp\/v2\/media?parent=456"}],"wp:term":[{"taxonomy":"product_brand","embeddable":true,"href":"https:\/\/www.almacenflotablanca.com\/web\/wp-json\/wp\/v2\/product_brand?post=456"},{"taxonomy":"product_cat","embeddable":true,"href":"https:\/\/www.almacenflotablanca.com\/web\/wp-json\/wp\/v2\/product_cat?post=456"},{"taxonomy":"product_tag","embeddable":true,"href":"https:\/\/www.almacenflotablanca.com\/web\/wp-json\/wp\/v2\/product_tag?post=456"}],"curies":[{"name":"wp","href":"https:\/\/api.w.org\/{rel}","templated":true}]}}