{"id":458,"date":"2019-10-04T09:55:45","date_gmt":"2019-10-04T14:55:45","guid":{"rendered":"https:\/\/www.almacenflotablanca.com\/web\/?post_type=product&#038;p=458"},"modified":"2026-04-15T16:11:15","modified_gmt":"2026-04-15T21:11:15","slug":"raquetas-tenis-de-mesa-sport-fitness-a3622","status":"publish","type":"product","link":"https:\/\/www.almacenflotablanca.com\/web\/producto\/raquetas-tenis-de-mesa-sport-fitness-a3622\/","title":{"rendered":"Raquetas Tenis de Mesa Sport Fitness"},"content":{"rendered":"<p>Raquetas Tenis de Mesa Sport Fitness, est\u00e1n fabricadas en madera en su mango y estructura. Las raquetas de tenis de mesa se clasifican por estrellas, sus caracter\u00edsticas como el tipo de goma, el mango y la madera hacen que var\u00eden la velocidad, el spin, el control y los efectos que se logran en el juego.<br \/>\nLa goma puede ser lisa o de picos y var\u00edan en su grosor, as\u00ed como los mangos var\u00edan en su construcci\u00f3n, siendo c\u00f3ncavos, rectos o anat\u00f3micos. Las hojas laterales en goma en colores rojo y negro, cumpliendo con las caracter\u00edsticas principales para competencias avaladas por la ITTF (federaci\u00f3n internacional de tenis de mesa).<\/p>\n","protected":false},"excerpt":{"rendered":"<p>&#8211; Material: madera<br \/>\n&#8211; Raqueta plana y r\u00edgida<br \/>\n&#8211; 2 unidades<br \/>\n&#8211; Uso: Entrenamiento y Competici\u00f3n<\/p>\n","protected":false},"featured_media":233891,"template":"","meta":{"_et_pb_use_builder":"","_et_pb_old_content":"","_et_gb_content_width":""},"product_brand":[],"product_cat":[79],"product_tag":[],"class_list":{"0":"post-458","1":"product","2":"type-product","3":"status-publish","4":"has-post-thumbnail","6":"product_cat-ping-pong","8":"first","9":"instock","10":"taxable","11":"shipping-taxable","12":"purchasable","13":"product-type-simple"},"_links":{"self":[{"href":"https:\/\/www.almacenflotablanca.com\/web\/wp-json\/wp\/v2\/product\/458","targetHints":{"allow":["GET"]}}],"collection":[{"href":"https:\/\/www.almacenflotablanca.com\/web\/wp-json\/wp\/v2\/product"}],"about":[{"href":"https:\/\/www.almacenflotablanca.com\/web\/wp-json\/wp\/v2\/types\/product"}],"wp:featuredmedia":[{"embeddable":true,"href":"https:\/\/www.almacenflotablanca.com\/web\/wp-json\/wp\/v2\/media\/233891"}],"wp:attachment":[{"href":"https:\/\/www.almacenflotablanca.com\/web\/wp-json\/wp\/v2\/media?parent=458"}],"wp:term":[{"taxonomy":"product_brand","embeddable":true,"href":"https:\/\/www.almacenflotablanca.com\/web\/wp-json\/wp\/v2\/product_brand?post=458"},{"taxonomy":"product_cat","embeddable":true,"href":"https:\/\/www.almacenflotablanca.com\/web\/wp-json\/wp\/v2\/product_cat?post=458"},{"taxonomy":"product_tag","embeddable":true,"href":"https:\/\/www.almacenflotablanca.com\/web\/wp-json\/wp\/v2\/product_tag?post=458"}],"curies":[{"name":"wp","href":"https:\/\/api.w.org\/{rel}","templated":true}]}}