{"id":460,"date":"2019-10-04T09:48:59","date_gmt":"2019-10-04T14:48:59","guid":{"rendered":"https:\/\/www.almacenflotablanca.com\/web\/?post_type=product&#038;p=460"},"modified":"2026-04-15T16:11:09","modified_gmt":"2026-04-15T21:11:09","slug":"soporte-flexion-de-brazo-sport-fitness-pu1204-negro","status":"publish","type":"product","link":"https:\/\/www.almacenflotablanca.com\/web\/producto\/soporte-flexion-de-brazo-sport-fitness-pu1204-negro\/","title":{"rendered":"Soporte Flexi\u00f3n de Brazo Sport Fitness Negro"},"content":{"rendered":"<p>Soporte Flexi\u00f3n de Brazo Sport Fitness Negro, esta fabricado en una estructura de alta resistencia con pintura electrost\u00e1tica. Los Manillares en espuma de alta resistencia son c\u00f3modos y seguros. Este soporte es ideal para ejercicios de flexiones de pecho, pectorales, espalda y brazos. Ayuda para ejercicios varios como flexiones m\u00e1s profundas con mayor rango de movimiento, trabajo flexiones de pecho, pectorales, espalda y brazos. Con SportFitness complementa tus accesorios deportivos con calidad y estilo.<\/p>\n","protected":false},"excerpt":{"rendered":"<ul>\n<li> &#8211; Estructura met\u00e1lica de alta resistencia <\/li>\n<li> &#8211; Manilares en espuma de alta resistencia <\/li>\n<li> &#8211; Peso M\u00e1ximo de Carga 100 KG <\/li>\n<li> &#8211; Ayuda a aumentar el desarrollo muscular <\/li>\n<li> &#8211; uso: Dom\u00e9stico <\/li>\n<\/ul>\n","protected":false},"featured_media":233514,"template":"","meta":{"_et_pb_use_builder":"","_et_pb_old_content":"","_et_gb_content_width":""},"product_brand":[],"product_cat":[168],"product_tag":[],"class_list":{"0":"post-460","1":"product","2":"type-product","3":"status-publish","4":"has-post-thumbnail","6":"product_cat-soportes-para-flexion","8":"first","9":"instock","10":"taxable","11":"shipping-taxable","12":"purchasable","13":"product-type-simple"},"_links":{"self":[{"href":"https:\/\/www.almacenflotablanca.com\/web\/wp-json\/wp\/v2\/product\/460","targetHints":{"allow":["GET"]}}],"collection":[{"href":"https:\/\/www.almacenflotablanca.com\/web\/wp-json\/wp\/v2\/product"}],"about":[{"href":"https:\/\/www.almacenflotablanca.com\/web\/wp-json\/wp\/v2\/types\/product"}],"wp:featuredmedia":[{"embeddable":true,"href":"https:\/\/www.almacenflotablanca.com\/web\/wp-json\/wp\/v2\/media\/233514"}],"wp:attachment":[{"href":"https:\/\/www.almacenflotablanca.com\/web\/wp-json\/wp\/v2\/media?parent=460"}],"wp:term":[{"taxonomy":"product_brand","embeddable":true,"href":"https:\/\/www.almacenflotablanca.com\/web\/wp-json\/wp\/v2\/product_brand?post=460"},{"taxonomy":"product_cat","embeddable":true,"href":"https:\/\/www.almacenflotablanca.com\/web\/wp-json\/wp\/v2\/product_cat?post=460"},{"taxonomy":"product_tag","embeddable":true,"href":"https:\/\/www.almacenflotablanca.com\/web\/wp-json\/wp\/v2\/product_tag?post=460"}],"curies":[{"name":"wp","href":"https:\/\/api.w.org\/{rel}","templated":true}]}}