{"id":471,"date":"2019-10-16T23:32:36","date_gmt":"2019-10-17T04:32:36","guid":{"rendered":"https:\/\/www.almacenflotablanca.com\/web\/?post_type=product&#038;p=471"},"modified":"2026-04-15T16:10:42","modified_gmt":"2026-04-15T21:10:42","slug":"ab-slider-sport-fitness-wt-7401-negro","status":"publish","type":"product","link":"https:\/\/www.almacenflotablanca.com\/web\/producto\/ab-slider-sport-fitness-wt-7401-negro\/","title":{"rendered":"Ab Slider Sport Fitness Negro"},"content":{"rendered":"<p>Ab Slider Sport Fitness Negro, es una plataforma giratoria para trabajos de Oblicuos. Permite a personas de cualquier nivel de condici\u00f3n f\u00edsica el utilizarlo y disfrutar de los beneficios de gozar de un abdomen plano, podr\u00e1s ver resultados en muy poco tiempo y con relativamente poco esfuerzo. Ayuda a eliminar la presi\u00f3n sobre el cuello y la espalda que normalmente acarrean los ejercicios para abdomen tradicionales. Por \u00faltimo, pero no menos importante se encuentra el beneficio de la comodidad; para todas aquellas personas que siempre han buscado la mejor manera de como hacer abdominales en casa, el Ab Slider viene a ser una excelente opci\u00f3n. Ejercita todos tus abdominales (inferiores, superiores y medios), incluyendo los oblicuos.<\/p>\n","protected":false},"excerpt":{"rendered":"<p>&#8211; Pintura electrost\u00e1tica<br \/>\n&#8211; Peso m\u00e1ximo de usuario: 90 Kg<br \/>\n&#8211; Uso: Dom\u00e9stico e institucional<br \/>\n&#8211; Incluye: Manual de Usuario y Sistema Completo de ejercicios en CD<\/p>\n","protected":false},"featured_media":233462,"template":"","meta":{"_et_pb_use_builder":"","_et_pb_old_content":"","_et_gb_content_width":""},"product_brand":[],"product_cat":[136],"product_tag":[],"class_list":{"0":"post-471","1":"product","2":"type-product","3":"status-publish","4":"has-post-thumbnail","6":"product_cat-abdomen","8":"first","9":"outofstock","10":"taxable","11":"shipping-taxable","12":"purchasable","13":"product-type-simple"},"_links":{"self":[{"href":"https:\/\/www.almacenflotablanca.com\/web\/wp-json\/wp\/v2\/product\/471","targetHints":{"allow":["GET"]}}],"collection":[{"href":"https:\/\/www.almacenflotablanca.com\/web\/wp-json\/wp\/v2\/product"}],"about":[{"href":"https:\/\/www.almacenflotablanca.com\/web\/wp-json\/wp\/v2\/types\/product"}],"wp:featuredmedia":[{"embeddable":true,"href":"https:\/\/www.almacenflotablanca.com\/web\/wp-json\/wp\/v2\/media\/233462"}],"wp:attachment":[{"href":"https:\/\/www.almacenflotablanca.com\/web\/wp-json\/wp\/v2\/media?parent=471"}],"wp:term":[{"taxonomy":"product_brand","embeddable":true,"href":"https:\/\/www.almacenflotablanca.com\/web\/wp-json\/wp\/v2\/product_brand?post=471"},{"taxonomy":"product_cat","embeddable":true,"href":"https:\/\/www.almacenflotablanca.com\/web\/wp-json\/wp\/v2\/product_cat?post=471"},{"taxonomy":"product_tag","embeddable":true,"href":"https:\/\/www.almacenflotablanca.com\/web\/wp-json\/wp\/v2\/product_tag?post=471"}],"curies":[{"name":"wp","href":"https:\/\/api.w.org\/{rel}","templated":true}]}}