{"id":475,"date":"2019-10-16T23:54:35","date_gmt":"2019-10-17T04:54:35","guid":{"rendered":"https:\/\/www.almacenflotablanca.com\/web\/?post_type=product&#038;p=475"},"modified":"2026-04-15T16:11:07","modified_gmt":"2026-04-15T21:11:07","slug":"soporte-flexion-de-brazo-sport-fitness-pu1205b-negro","status":"publish","type":"product","link":"https:\/\/www.almacenflotablanca.com\/web\/producto\/soporte-flexion-de-brazo-sport-fitness-pu1205b-negro\/","title":{"rendered":"Soporte Flexi\u00f3n de Brazo Sport Fitness Negro"},"content":{"rendered":"<p>Soporte Flexi\u00f3n de Brazo Sport Fitness Negro esta dise\u00f1ado con estructura en PVC de alta resistencia y una pintura electrost\u00e1tica de alta resistencia, el soporte de flexi\u00f3n trae unos  manilares en espuma. El uso de estos agarres permite realizar flexiones m\u00e1s profundas, es importante recalcar que sirve para Flexiones de pecho, pectorales, espalda y brazos tambien ayuda a aumentar el desarrollo muscular, flexiones m\u00e1s profundas con mayor rango de movimiento.<\/p>\n","protected":false},"excerpt":{"rendered":"<ul>\n<li> &#8211; Estructura en PVC de alta resistencia <\/li>\n<li> &#8211; Pintura electrost\u00e1tica <\/li>\n<li> &#8211; Sirve para Flexiones de pecho, pectorales, espalda y brazos <\/li>\n<li> &#8211; Peso M\u00e1ximo de Carga 100 Kg <\/li>\n<li> &#8211; Uso: Dom\u00e9stico <\/li>\n<\/ul>\n","protected":false},"featured_media":233503,"template":"","meta":{"_et_pb_use_builder":"","_et_pb_old_content":"","_et_gb_content_width":""},"product_brand":[],"product_cat":[168],"product_tag":[],"class_list":{"0":"post-475","1":"product","2":"type-product","3":"status-publish","4":"has-post-thumbnail","6":"product_cat-soportes-para-flexion","8":"first","9":"instock","10":"taxable","11":"shipping-taxable","12":"purchasable","13":"product-type-simple"},"_links":{"self":[{"href":"https:\/\/www.almacenflotablanca.com\/web\/wp-json\/wp\/v2\/product\/475","targetHints":{"allow":["GET"]}}],"collection":[{"href":"https:\/\/www.almacenflotablanca.com\/web\/wp-json\/wp\/v2\/product"}],"about":[{"href":"https:\/\/www.almacenflotablanca.com\/web\/wp-json\/wp\/v2\/types\/product"}],"wp:featuredmedia":[{"embeddable":true,"href":"https:\/\/www.almacenflotablanca.com\/web\/wp-json\/wp\/v2\/media\/233503"}],"wp:attachment":[{"href":"https:\/\/www.almacenflotablanca.com\/web\/wp-json\/wp\/v2\/media?parent=475"}],"wp:term":[{"taxonomy":"product_brand","embeddable":true,"href":"https:\/\/www.almacenflotablanca.com\/web\/wp-json\/wp\/v2\/product_brand?post=475"},{"taxonomy":"product_cat","embeddable":true,"href":"https:\/\/www.almacenflotablanca.com\/web\/wp-json\/wp\/v2\/product_cat?post=475"},{"taxonomy":"product_tag","embeddable":true,"href":"https:\/\/www.almacenflotablanca.com\/web\/wp-json\/wp\/v2\/product_tag?post=475"}],"curies":[{"name":"wp","href":"https:\/\/api.w.org\/{rel}","templated":true}]}}