{"id":484,"date":"2019-10-17T00:40:59","date_gmt":"2019-10-17T05:40:59","guid":{"rendered":"https:\/\/www.almacenflotablanca.com\/web\/?post_type=product&#038;p=484"},"modified":"2026-04-15T16:12:02","modified_gmt":"2026-04-15T21:12:02","slug":"saco-boxeo-caray-50kg","status":"publish","type":"product","link":"https:\/\/www.almacenflotablanca.com\/web\/producto\/saco-boxeo-caray-50kg\/","title":{"rendered":"Saco Boxeo Con Agarradera Caray Negro"},"content":{"rendered":"<p>Saco Boxeo Con Agarradera Caray Negro, este saco de boxeo profesional Hecho en lona Brigadier o en lona de poliuretano, con reata negra, este saco es de 100 lbs o 50 kg nuestra recomendaci\u00f3n para el relleno es en Aserr\u00edn pulverizado el cual queda pesando 40 kg o algod\u00f3n industrial con un peso de 20 kg. Sus medidas son de 1 MT x 33 CM de di\u00e1metro solo el cuerpo, viene con reatas de 45 cm de largo e incluye el mosquet\u00f3n y \u00e9l chazo para colgar. Ideal para entrenamientos de alto impacto, especializado para realizar entrenamientos de pu\u00f1o y patada.<\/p>\n","protected":false},"excerpt":{"rendered":"<ul>\n<li> &#8211; Dos agarraderas para trabajar como tula de poder <\/li>\n<li> &#8211; Franja reforzada en la parte inferior para trabajar patada <\/li>\n<li> &#8211; Peso aproximado de 50 libras <\/li>\n<li> &#8211; Esencial para entrenar boxeo <\/li>\n<\/ul>\n","protected":false},"featured_media":233797,"template":"","meta":{"_et_pb_use_builder":"","_et_pb_old_content":"","_et_gb_content_width":""},"product_brand":[],"product_cat":[81],"product_tag":[],"class_list":{"0":"post-484","1":"product","2":"type-product","3":"status-publish","4":"has-post-thumbnail","6":"product_cat-boxeo","8":"first","9":"instock","10":"taxable","11":"shipping-taxable","12":"purchasable","13":"product-type-simple"},"_links":{"self":[{"href":"https:\/\/www.almacenflotablanca.com\/web\/wp-json\/wp\/v2\/product\/484","targetHints":{"allow":["GET"]}}],"collection":[{"href":"https:\/\/www.almacenflotablanca.com\/web\/wp-json\/wp\/v2\/product"}],"about":[{"href":"https:\/\/www.almacenflotablanca.com\/web\/wp-json\/wp\/v2\/types\/product"}],"wp:featuredmedia":[{"embeddable":true,"href":"https:\/\/www.almacenflotablanca.com\/web\/wp-json\/wp\/v2\/media\/233797"}],"wp:attachment":[{"href":"https:\/\/www.almacenflotablanca.com\/web\/wp-json\/wp\/v2\/media?parent=484"}],"wp:term":[{"taxonomy":"product_brand","embeddable":true,"href":"https:\/\/www.almacenflotablanca.com\/web\/wp-json\/wp\/v2\/product_brand?post=484"},{"taxonomy":"product_cat","embeddable":true,"href":"https:\/\/www.almacenflotablanca.com\/web\/wp-json\/wp\/v2\/product_cat?post=484"},{"taxonomy":"product_tag","embeddable":true,"href":"https:\/\/www.almacenflotablanca.com\/web\/wp-json\/wp\/v2\/product_tag?post=484"}],"curies":[{"name":"wp","href":"https:\/\/api.w.org\/{rel}","templated":true}]}}