{"id":527,"date":"2019-10-28T06:02:59","date_gmt":"2019-10-28T11:02:59","guid":{"rendered":"https:\/\/www.almacenflotablanca.com\/web\/?post_type=product&#038;p=527"},"modified":"2026-04-15T16:11:04","modified_gmt":"2026-04-15T21:11:04","slug":"disco-estandar-25kg-1p-sport-fitness-con-agarre-negro","status":"publish","type":"product","link":"https:\/\/www.almacenflotablanca.com\/web\/producto\/disco-estandar-25kg-1p-sport-fitness-con-agarre-negro\/","title":{"rendered":"Disco Est\u00e1ndar 25 Kg Con Agarre Sport Fitness Negro"},"content":{"rendered":"<p>Disco Est\u00e1ndar 25 Kg Con Agarre Sport Fitness Negro. Este Disco es ideal para mejorar la flexibilidad de las articulaciones: El entrenamiento de fuerza ayuda a mantener la flexibilidad articular y puede reducir los s\u00edntomas de la artritis. Color negro para barras est\u00e1ndar, es el complemento ideal para tus rutinas de fuerza, es de excelente calidad y por su material de larga duraci\u00f3n en el tiempo. Para ir en cada paso aumentando tus metas usa este disco est\u00e1ndar de 25 kg con agarre de Sport fitness. Las caracter\u00edsticas del producto disco est\u00e1ndar con agarre, material en hierro fundido incluye disco est\u00e1ndar 25 kg con agarre.<\/p>\n","protected":false},"excerpt":{"rendered":"<p>&#8211; Material: hierro fundido<br \/>\n&#8211; Di\u00e1metro: 43 Cm<br \/>\n&#8211; Ideal para ganar masa muscular<br \/>\n&#8211; Perfecto para terapia aer\u00f3bica<br \/>\n&#8211; Tonifica tus brazos y piernas<\/p>\n","protected":false},"featured_media":233451,"template":"","meta":{"_et_pb_use_builder":"","_et_pb_old_content":"","_et_gb_content_width":""},"product_brand":[],"product_cat":[146],"product_tag":[],"class_list":{"0":"post-527","1":"product","2":"type-product","3":"status-publish","4":"has-post-thumbnail","6":"product_cat-discos","8":"first","9":"instock","10":"taxable","11":"shipping-taxable","12":"purchasable","13":"product-type-simple"},"_links":{"self":[{"href":"https:\/\/www.almacenflotablanca.com\/web\/wp-json\/wp\/v2\/product\/527","targetHints":{"allow":["GET"]}}],"collection":[{"href":"https:\/\/www.almacenflotablanca.com\/web\/wp-json\/wp\/v2\/product"}],"about":[{"href":"https:\/\/www.almacenflotablanca.com\/web\/wp-json\/wp\/v2\/types\/product"}],"wp:featuredmedia":[{"embeddable":true,"href":"https:\/\/www.almacenflotablanca.com\/web\/wp-json\/wp\/v2\/media\/233451"}],"wp:attachment":[{"href":"https:\/\/www.almacenflotablanca.com\/web\/wp-json\/wp\/v2\/media?parent=527"}],"wp:term":[{"taxonomy":"product_brand","embeddable":true,"href":"https:\/\/www.almacenflotablanca.com\/web\/wp-json\/wp\/v2\/product_brand?post=527"},{"taxonomy":"product_cat","embeddable":true,"href":"https:\/\/www.almacenflotablanca.com\/web\/wp-json\/wp\/v2\/product_cat?post=527"},{"taxonomy":"product_tag","embeddable":true,"href":"https:\/\/www.almacenflotablanca.com\/web\/wp-json\/wp\/v2\/product_tag?post=527"}],"curies":[{"name":"wp","href":"https:\/\/api.w.org\/{rel}","templated":true}]}}