{"id":535,"date":"2019-10-28T06:57:47","date_gmt":"2019-10-28T11:57:47","guid":{"rendered":"https:\/\/www.almacenflotablanca.com\/web\/?post_type=product&#038;p=535"},"modified":"2026-04-15T16:10:56","modified_gmt":"2026-04-15T21:10:56","slug":"kit-mancuernas-20kg-sportfitness-negro","status":"publish","type":"product","link":"https:\/\/www.almacenflotablanca.com\/web\/producto\/kit-mancuernas-20kg-sportfitness-negro\/","title":{"rendered":"Kit Mancuernas 20 Kg Sport Fitness Negro"},"content":{"rendered":"<p>Kit Mancuernas 20 Kg Sport Fitness Negro, con el kit de mancuernas con agarre antideslizante y discos en acero, que viene con un pr\u00e1ctico malet\u00edn para que puedas transportarlo donde lo desees. Ideal para la tonificaci\u00f3n muscular, fortalecimiento articular o recuperaci\u00f3n y fisioterapia, compuesto por 8 discos en acero color negro, 2 barras con agarre antideslizante, 4 seguros de rosca mariposa y un pr\u00e1ctico malet\u00edn.<\/p>\n<p>Hacer ejercicio y cuidar la salud es muy importante, por ello ofrecemos una opci\u00f3n sencilla que podr\u00e1s usar en casa escuchando tu m\u00fasica favorita. Un producto que te ayudar\u00e1 a sentirte cada d\u00eda mejor y m\u00e1s fuerte. Lucir\u00e1s como quieres con este pr\u00e1ctico art\u00edculo deportivo que complementa tus rutinas, quema grasa y tonifica tus m\u00fasculos; para as\u00ed moldear las partes del cuerpo que siempre has querido.<\/p>\n","protected":false},"excerpt":{"rendered":"<p>&#8211; Material de las mancuernas: hierro<br \/>\n&#8211; Barras en acero cromado<br \/>\n&#8211; Discos en acero<br \/>\n&#8211; Pr\u00e1ctico malet\u00edn para transportar<br \/>\n&#8211; &#8211; Uso: Hogar, Institucional<\/p>\n","protected":false},"featured_media":233449,"template":"","meta":{"_et_pb_use_builder":"","_et_pb_old_content":"","_et_gb_content_width":""},"product_brand":[],"product_cat":[127],"product_tag":[],"class_list":{"0":"post-535","1":"product","2":"type-product","3":"status-publish","4":"has-post-thumbnail","6":"product_cat-mancuernas","8":"first","9":"instock","10":"taxable","11":"shipping-taxable","12":"purchasable","13":"product-type-simple"},"_links":{"self":[{"href":"https:\/\/www.almacenflotablanca.com\/web\/wp-json\/wp\/v2\/product\/535","targetHints":{"allow":["GET"]}}],"collection":[{"href":"https:\/\/www.almacenflotablanca.com\/web\/wp-json\/wp\/v2\/product"}],"about":[{"href":"https:\/\/www.almacenflotablanca.com\/web\/wp-json\/wp\/v2\/types\/product"}],"wp:featuredmedia":[{"embeddable":true,"href":"https:\/\/www.almacenflotablanca.com\/web\/wp-json\/wp\/v2\/media\/233449"}],"wp:attachment":[{"href":"https:\/\/www.almacenflotablanca.com\/web\/wp-json\/wp\/v2\/media?parent=535"}],"wp:term":[{"taxonomy":"product_brand","embeddable":true,"href":"https:\/\/www.almacenflotablanca.com\/web\/wp-json\/wp\/v2\/product_brand?post=535"},{"taxonomy":"product_cat","embeddable":true,"href":"https:\/\/www.almacenflotablanca.com\/web\/wp-json\/wp\/v2\/product_cat?post=535"},{"taxonomy":"product_tag","embeddable":true,"href":"https:\/\/www.almacenflotablanca.com\/web\/wp-json\/wp\/v2\/product_tag?post=535"}],"curies":[{"name":"wp","href":"https:\/\/api.w.org\/{rel}","templated":true}]}}