{"id":539,"date":"2019-10-28T07:08:32","date_gmt":"2019-10-28T12:08:32","guid":{"rendered":"https:\/\/www.almacenflotablanca.com\/web\/?post_type=product&#038;p=539"},"modified":"2026-04-15T16:10:56","modified_gmt":"2026-04-15T21:10:56","slug":"kit-mancuernas-black-plate-barbell-50kg-sportfitness-negro","status":"publish","type":"product","link":"https:\/\/www.almacenflotablanca.com\/web\/producto\/kit-mancuernas-black-plate-barbell-50kg-sportfitness-negro\/","title":{"rendered":"Kit Mancuernas 50 Kg Black Plate Barbell Sport Fitness Negro"},"content":{"rendered":"<p>Kit Mancuernas 50 Kg Black Plate Barbell Sport Fitness Negro, Estas pesas son mancuernas que permiten tener una mayor ergonom\u00eda a la hora de llevar a cabo el ejercicio, ya que al levantar el peso con cada mano, y no de forma conjunta, nos adaptaremos mucho mejor a nuestra constituci\u00f3n y responderemos de forma m\u00e1s correcta a los que nos pida el cuerpo a lo largo del ejercicio.<\/p>\n<p>Lleg\u00f3 el momento de poner a trabajar los m\u00fasculos con el kit de mancuernas con agarre antideslizante y discos en acero, que viene con un pr\u00e1ctico malet\u00edn para que puedas transportarlo donde lo desees. Ideal para la tonificaci\u00f3n muscular, fortalecimiento articular o recuperaci\u00f3n y fisioterapia, compuesto por 8 discos en acero color negro, 2 barras con agarre antideslizante, 4 seguros de rosca mariposa y un pr\u00e1ctico malet\u00edn.<\/p>\n","protected":false},"excerpt":{"rendered":"<p>&#8211; 2 barras en acero cromado con agarres antideslizantes<br \/>\n&#8211; 6 seguros roscados<br \/>\n&#8211; Juego de discos en acero color negro<br \/>\n&#8211; Barra desarmable 150 cm<br \/>\n&#8211; Uso: Hogar, Institucional<\/p>\n","protected":false},"featured_media":233454,"template":"","meta":{"_et_pb_use_builder":"","_et_pb_old_content":"","_et_gb_content_width":""},"product_brand":[],"product_cat":[127],"product_tag":[],"class_list":{"0":"post-539","1":"product","2":"type-product","3":"status-publish","4":"has-post-thumbnail","6":"product_cat-mancuernas","8":"first","9":"instock","10":"taxable","11":"shipping-taxable","12":"purchasable","13":"product-type-simple"},"_links":{"self":[{"href":"https:\/\/www.almacenflotablanca.com\/web\/wp-json\/wp\/v2\/product\/539","targetHints":{"allow":["GET"]}}],"collection":[{"href":"https:\/\/www.almacenflotablanca.com\/web\/wp-json\/wp\/v2\/product"}],"about":[{"href":"https:\/\/www.almacenflotablanca.com\/web\/wp-json\/wp\/v2\/types\/product"}],"wp:featuredmedia":[{"embeddable":true,"href":"https:\/\/www.almacenflotablanca.com\/web\/wp-json\/wp\/v2\/media\/233454"}],"wp:attachment":[{"href":"https:\/\/www.almacenflotablanca.com\/web\/wp-json\/wp\/v2\/media?parent=539"}],"wp:term":[{"taxonomy":"product_brand","embeddable":true,"href":"https:\/\/www.almacenflotablanca.com\/web\/wp-json\/wp\/v2\/product_brand?post=539"},{"taxonomy":"product_cat","embeddable":true,"href":"https:\/\/www.almacenflotablanca.com\/web\/wp-json\/wp\/v2\/product_cat?post=539"},{"taxonomy":"product_tag","embeddable":true,"href":"https:\/\/www.almacenflotablanca.com\/web\/wp-json\/wp\/v2\/product_tag?post=539"}],"curies":[{"name":"wp","href":"https:\/\/api.w.org\/{rel}","templated":true}]}}