{"id":550,"date":"2019-10-28T07:45:01","date_gmt":"2019-10-28T12:45:01","guid":{"rendered":"https:\/\/www.almacenflotablanca.com\/web\/?post_type=product&#038;p=550"},"modified":"2026-04-15T16:11:02","modified_gmt":"2026-04-15T21:11:02","slug":"mancuerna-encauchetada-12-5kg-sportfitness-negra","status":"publish","type":"product","link":"https:\/\/www.almacenflotablanca.com\/web\/producto\/mancuerna-encauchetada-12-5kg-sportfitness-negra\/","title":{"rendered":"Mancuerna Encauchetada 12.5 Kg Sport Fitness Negra"},"content":{"rendered":"<p>Mancuerna Encauchetada 12.5 Kg Sport Fitness Negra, viene elaborada en hierro de alta calidad y su recubrimiento de la mancuerna en caucho. Hacer ejercicio y cuidar la salud es muy importante, por ello ofrecemos una opci\u00f3n sencilla que podr\u00e1s usar en casa escuchando tu m\u00fasica favorita. Un producto que te ayudar\u00e1 a sentirte cada d\u00eda mejor y m\u00e1s fuerte. Lucir\u00e1s como quieres con este pr\u00e1ctico art\u00edculo deportivo que complementa tus rutinas, quema grasa y tonifica tus m\u00fasculos; para as\u00ed moldear las partes del cuerpo que siempre has querido. Re\u00fane tu equipo de ejercicios y complem\u00e9ntalo con este producto, indispensable para un mejor resultado. Para las personas que les gusta estar en forma y saludables.<\/p>\n","protected":false},"excerpt":{"rendered":"<ul>\n<li> &#8211; Material: Hierro fundido  <\/li>\n<li> &#8211; Caucho inyectado  <\/li>\n<li> &#8211; Eje acerado cromado  <\/li>\n<li> &#8211; Uso: Hogar, Institucional <\/li>\n<\/ul>\n","protected":false},"featured_media":233446,"template":"","meta":{"_et_pb_use_builder":"","_et_pb_old_content":"","_et_gb_content_width":""},"product_brand":[],"product_cat":[127],"product_tag":[],"class_list":{"0":"post-550","1":"product","2":"type-product","3":"status-publish","4":"has-post-thumbnail","6":"product_cat-mancuernas","8":"first","9":"instock","10":"taxable","11":"shipping-taxable","12":"purchasable","13":"product-type-simple"},"_links":{"self":[{"href":"https:\/\/www.almacenflotablanca.com\/web\/wp-json\/wp\/v2\/product\/550","targetHints":{"allow":["GET"]}}],"collection":[{"href":"https:\/\/www.almacenflotablanca.com\/web\/wp-json\/wp\/v2\/product"}],"about":[{"href":"https:\/\/www.almacenflotablanca.com\/web\/wp-json\/wp\/v2\/types\/product"}],"wp:featuredmedia":[{"embeddable":true,"href":"https:\/\/www.almacenflotablanca.com\/web\/wp-json\/wp\/v2\/media\/233446"}],"wp:attachment":[{"href":"https:\/\/www.almacenflotablanca.com\/web\/wp-json\/wp\/v2\/media?parent=550"}],"wp:term":[{"taxonomy":"product_brand","embeddable":true,"href":"https:\/\/www.almacenflotablanca.com\/web\/wp-json\/wp\/v2\/product_brand?post=550"},{"taxonomy":"product_cat","embeddable":true,"href":"https:\/\/www.almacenflotablanca.com\/web\/wp-json\/wp\/v2\/product_cat?post=550"},{"taxonomy":"product_tag","embeddable":true,"href":"https:\/\/www.almacenflotablanca.com\/web\/wp-json\/wp\/v2\/product_tag?post=550"}],"curies":[{"name":"wp","href":"https:\/\/api.w.org\/{rel}","templated":true}]}}