{"id":603,"date":"2020-02-10T16:46:12","date_gmt":"2020-02-10T21:46:12","guid":{"rendered":"https:\/\/www.almacenflotablanca.com\/web\/?post_type=product&#038;p=603"},"modified":"2026-04-15T16:11:01","modified_gmt":"2026-04-15T21:11:01","slug":"multifuncional-150lbs-sport-fitness-fit-m01he-negro","status":"publish","type":"product","link":"https:\/\/www.almacenflotablanca.com\/web\/producto\/multifuncional-150lbs-sport-fitness-fit-m01he-negro\/","title":{"rendered":"Multifuncional 150 Lbs Sport Fitness Negro"},"content":{"rendered":"<p>Bicicleta Recumbent Sport Fitness Gris, Para tener unas piernas firmes y modeladas el mejor ejercicio es la bicicleta. Pedalear endurece las piernas mientras se queman calor\u00edas que nos har\u00e1 adelgazar. Recurrir a la bicicleta como ejercicio contribuye a mejorar la condici\u00f3n f\u00edsica.<\/p>\n<p>La posici\u00f3n semi-reclinada que adopta la persona mientras monta este tipo de bicicletas, permite que su peso corporal se distribuya de manera m\u00e1s uniforme. Los pedales est\u00e1n al frente en lugar de estar debajo; y, a diferencia de una bicicleta tradicional, el asiento \u00abanat\u00f3mico\u00bb de una bicicleta reclinada es m\u00e1s parecido al de una silla c\u00f3moda que al asiento recto de una bicicleta. Al usar una bicicleta reclinada, puedes alcanzar y mantener una frecuencia card\u00edaca ideal durante largos per\u00edodos de tiempo para obtener el m\u00e1ximo beneficio cardiovascular.<\/p>\n","protected":false},"excerpt":{"rendered":"<p>&#8211; Estructura en hierro de alta resistencia<br \/>\n&#8211; Cojineria indeformable<br \/>\n&#8211; Pin selector de Peso<br \/>\n&#8211; Peso m\u00e1ximo del usuario: 120 kg<br \/>\n&#8211; Uso: Dom\u00e9stico Pr\u00e9mium<\/p>\n","protected":false},"featured_media":233427,"template":"","meta":{"_et_pb_use_builder":"","_et_pb_old_content":"","_et_gb_content_width":""},"product_brand":[],"product_cat":[108],"product_tag":[],"class_list":{"0":"post-603","1":"product","2":"type-product","3":"status-publish","4":"has-post-thumbnail","6":"product_cat-multifuncional","8":"first","9":"instock","10":"taxable","11":"shipping-taxable","12":"purchasable","13":"product-type-simple"},"_links":{"self":[{"href":"https:\/\/www.almacenflotablanca.com\/web\/wp-json\/wp\/v2\/product\/603","targetHints":{"allow":["GET"]}}],"collection":[{"href":"https:\/\/www.almacenflotablanca.com\/web\/wp-json\/wp\/v2\/product"}],"about":[{"href":"https:\/\/www.almacenflotablanca.com\/web\/wp-json\/wp\/v2\/types\/product"}],"wp:featuredmedia":[{"embeddable":true,"href":"https:\/\/www.almacenflotablanca.com\/web\/wp-json\/wp\/v2\/media\/233427"}],"wp:attachment":[{"href":"https:\/\/www.almacenflotablanca.com\/web\/wp-json\/wp\/v2\/media?parent=603"}],"wp:term":[{"taxonomy":"product_brand","embeddable":true,"href":"https:\/\/www.almacenflotablanca.com\/web\/wp-json\/wp\/v2\/product_brand?post=603"},{"taxonomy":"product_cat","embeddable":true,"href":"https:\/\/www.almacenflotablanca.com\/web\/wp-json\/wp\/v2\/product_cat?post=603"},{"taxonomy":"product_tag","embeddable":true,"href":"https:\/\/www.almacenflotablanca.com\/web\/wp-json\/wp\/v2\/product_tag?post=603"}],"curies":[{"name":"wp","href":"https:\/\/api.w.org\/{rel}","templated":true}]}}